{"id":3262,"date":"2022-04-28T12:30:14","date_gmt":"2022-04-28T09:30:14","guid":{"rendered":"https:\/\/auteldronesbaltic.com\/uncategorized\/autel-evo-ii-akumulatora-uzlades-centrmezgls\/"},"modified":"2025-04-21T14:46:51","modified_gmt":"2025-04-21T11:46:51","slug":"autel-evo-ii-akumulatora-uzlades-centrmezgls","status":"publish","type":"product","link":"https:\/\/auteldronesbaltic.com\/lv\/autel-evo-ii-pro-un-aksesuari\/autel-evo-ii-akumulatora-uzlades-centrmezgls\/","title":{"rendered":"Autel EVO II akumulatora uzl\u0101des centrmezgls"},"content":{"rendered":"<p><span style=\"font-weight: 400;\">EVO II Charging Hub ir pied\u0101v\u0101jis vair\u0101k uzl\u0101des portu. Tas var viegli uzl\u0101d\u0113t l\u012bdz pat 4 EVO akumulatoriem ar standarta EVO II l\u0101d\u0113t\u0101ju.<\/span><\/p>\n","protected":false},"excerpt":{"rendered":"<p>EVO II Charging Hub ir pied\u0101v\u0101jis vair\u0101k uzl\u0101des portu. Tas var viegli uzl\u0101d\u0113t l\u012bdz pat 4 EVO akumulatoriem ar standarta EVO II l\u0101d\u0113t\u0101ju.<\/p>\n","protected":false},"featured_media":2135,"template":"","meta":{"_gspb_post_css":""},"product_brand":[],"product_cat":[133,151],"product_tag":[],"class_list":{"0":"post-3262","1":"product","2":"type-product","3":"status-publish","4":"has-post-thumbnail","6":"product_cat-autel-evo-ii-pro-un-aksesuari","7":"product_cat-piederumi","9":"first","10":"instock","11":"sale","12":"taxable","13":"shipping-taxable","14":"purchasable","15":"product-type-simple"},"_links":{"self":[{"href":"https:\/\/auteldronesbaltic.com\/lv\/wp-json\/wp\/v2\/product\/3262","targetHints":{"allow":["GET"]}}],"collection":[{"href":"https:\/\/auteldronesbaltic.com\/lv\/wp-json\/wp\/v2\/product"}],"about":[{"href":"https:\/\/auteldronesbaltic.com\/lv\/wp-json\/wp\/v2\/types\/product"}],"wp:featuredmedia":[{"embeddable":true,"href":"https:\/\/auteldronesbaltic.com\/lv\/wp-json\/wp\/v2\/media\/2135"}],"wp:attachment":[{"href":"https:\/\/auteldronesbaltic.com\/lv\/wp-json\/wp\/v2\/media?parent=3262"}],"wp:term":[{"taxonomy":"product_brand","embeddable":true,"href":"https:\/\/auteldronesbaltic.com\/lv\/wp-json\/wp\/v2\/product_brand?post=3262"},{"taxonomy":"product_cat","embeddable":true,"href":"https:\/\/auteldronesbaltic.com\/lv\/wp-json\/wp\/v2\/product_cat?post=3262"},{"taxonomy":"product_tag","embeddable":true,"href":"https:\/\/auteldronesbaltic.com\/lv\/wp-json\/wp\/v2\/product_tag?post=3262"}],"curies":[{"name":"wp","href":"https:\/\/api.w.org\/{rel}","templated":true}]}}