{"id":3266,"date":"2022-04-28T12:25:50","date_gmt":"2022-04-28T09:25:50","guid":{"rendered":"https:\/\/auteldronesbaltic.com\/uncategorized\/autel-evo-ii-plecu-soma\/"},"modified":"2025-10-03T15:50:18","modified_gmt":"2025-10-03T12:50:18","slug":"autel-evo-ii-plecu-soma","status":"publish","type":"product","link":"https:\/\/auteldronesbaltic.com\/lv\/piederumi\/autel-evo-ii-plecu-soma\/","title":{"rendered":"Autel EVO II Plecu soma"},"content":{"rendered":"<p><span style=\"font-weight: 400;\">EVO II piel\u0101gota plecu soma, kur\u0101 ir pietiekami daudz vietas lidma\u0161\u012bnai, t\u0101lvad\u012bbas pultij, l\u0101d\u0113t\u0101jam, atmi\u0146as kartei un citiem piederumiem, k\u0101 ar\u012b l\u012bdz 5 viedaj\u0101m baterij\u0101m.<\/span><\/p>\n","protected":false},"excerpt":{"rendered":"<p>EVO II piel\u0101gota plecu soma, kur\u0101 ir pietiekami daudz vietas lidma\u0161\u012bnai, t\u0101lvad\u012bbas pultij, l\u0101d\u0113t\u0101jam, atmi\u0146as kartei un citiem piederumiem, k\u0101 ar\u012b l\u012bdz 5 viedaj\u0101m baterij\u0101m.<\/p>\n","protected":false},"featured_media":2126,"template":"","meta":{"_gspb_post_css":""},"product_brand":[],"product_cat":[151],"product_tag":[],"class_list":{"0":"post-3266","1":"product","2":"type-product","3":"status-publish","4":"has-post-thumbnail","6":"product_cat-piederumi","8":"first","9":"outofstock","10":"taxable","11":"shipping-taxable","12":"purchasable","13":"product-type-simple"},"_links":{"self":[{"href":"https:\/\/auteldronesbaltic.com\/lv\/wp-json\/wp\/v2\/product\/3266","targetHints":{"allow":["GET"]}}],"collection":[{"href":"https:\/\/auteldronesbaltic.com\/lv\/wp-json\/wp\/v2\/product"}],"about":[{"href":"https:\/\/auteldronesbaltic.com\/lv\/wp-json\/wp\/v2\/types\/product"}],"wp:featuredmedia":[{"embeddable":true,"href":"https:\/\/auteldronesbaltic.com\/lv\/wp-json\/wp\/v2\/media\/2126"}],"wp:attachment":[{"href":"https:\/\/auteldronesbaltic.com\/lv\/wp-json\/wp\/v2\/media?parent=3266"}],"wp:term":[{"taxonomy":"product_brand","embeddable":true,"href":"https:\/\/auteldronesbaltic.com\/lv\/wp-json\/wp\/v2\/product_brand?post=3266"},{"taxonomy":"product_cat","embeddable":true,"href":"https:\/\/auteldronesbaltic.com\/lv\/wp-json\/wp\/v2\/product_cat?post=3266"},{"taxonomy":"product_tag","embeddable":true,"href":"https:\/\/auteldronesbaltic.com\/lv\/wp-json\/wp\/v2\/product_tag?post=3266"}],"curies":[{"name":"wp","href":"https:\/\/api.w.org\/{rel}","templated":true}]}}