{"id":3273,"date":"2022-04-28T12:21:33","date_gmt":"2022-04-28T09:21:33","guid":{"rendered":"https:\/\/auteldronesbaltic.com\/uncategorized\/autel-evo-ii-talvadibas-pults-v2\/"},"modified":"2025-10-03T15:50:35","modified_gmt":"2025-10-03T12:50:35","slug":"autel-evo-ii-talvadibas-pults-v2","status":"publish","type":"product","link":"https:\/\/auteldronesbaltic.com\/lv\/autel-evo-ii-pro-un-aksesuari\/autel-evo-ii-talvadibas-pults-v2\/","title":{"rendered":"Autel EVO II T\u0101lvad\u012bbas pults V2"},"content":{"rendered":"<p><span style=\"font-weight: 400;\">EVO \u2161 t\u0101lvad\u012bbas pults atbalsta p\u0101rraidi l\u012bdz 9 km att\u0101lum\u0101 un nodro\u0161ina re\u0101llaika video sa\u0146em\u0161anu un atska\u0146o\u0161anu bez savienojuma ar viedt\u0101lruni. Papildus re\u0101llaika video, standarta 3,26 collu OLED ekr\u0101ns sniedz jums svar\u012bgu inform\u0101ciju, tostarp akumulatora uzl\u0101des l\u012bmeni, GPS sign\u0101lu un lidojuma \u0101trumu.<\/span><\/p>\n<p><span style=\"font-weight: 400;\">3,26 collu OLED visu kr\u0101su saules gaism\u0101 las\u0101ms ekr\u0101ns; 18 W \u0101tra uzl\u0101de (uzl\u0101de l\u012bdz 80% 1,2 h laik\u0101); Micro USB uzl\u0101des interfeiss atbalsta standarta \u012bsu USB kabeli viedt\u0101lru\u0146a savieno\u0161anai; 5Ah ieb\u016bv\u0113tais akumulators.<\/span><\/p>\n","protected":false},"excerpt":{"rendered":"<p>EVO \u2161 t\u0101lvad\u012bbas pults atbalsta p\u0101rraidi l\u012bdz 9 km att\u0101lum\u0101 un nodro\u0161ina re\u0101llaika video sa\u0146em\u0161anu un atska\u0146o\u0161anu bez savienojuma ar viedt\u0101lruni. Papildus re\u0101llaika video, standarta 3,26 collu OLED ekr\u0101ns sniedz jums svar\u012bgu inform\u0101ciju, tostarp akumulatora uzl\u0101des l\u012bmeni, GPS sign\u0101lu un lidojuma \u0101trumu. 3,26 collu OLED visu kr\u0101su saules gaism\u0101 las\u0101ms ekr\u0101ns; 18 W \u0101tra uzl\u0101de [&hellip;]<\/p>\n","protected":false},"featured_media":2099,"template":"","meta":{"_gspb_post_css":""},"product_brand":[],"product_cat":[133,151],"product_tag":[],"class_list":{"0":"post-3273","1":"product","2":"type-product","3":"status-publish","4":"has-post-thumbnail","6":"product_cat-autel-evo-ii-pro-un-aksesuari","7":"product_cat-piederumi","9":"first","10":"onbackorder","11":"taxable","12":"shipping-taxable","13":"purchasable","14":"product-type-simple"},"_links":{"self":[{"href":"https:\/\/auteldronesbaltic.com\/lv\/wp-json\/wp\/v2\/product\/3273","targetHints":{"allow":["GET"]}}],"collection":[{"href":"https:\/\/auteldronesbaltic.com\/lv\/wp-json\/wp\/v2\/product"}],"about":[{"href":"https:\/\/auteldronesbaltic.com\/lv\/wp-json\/wp\/v2\/types\/product"}],"wp:featuredmedia":[{"embeddable":true,"href":"https:\/\/auteldronesbaltic.com\/lv\/wp-json\/wp\/v2\/media\/2099"}],"wp:attachment":[{"href":"https:\/\/auteldronesbaltic.com\/lv\/wp-json\/wp\/v2\/media?parent=3273"}],"wp:term":[{"taxonomy":"product_brand","embeddable":true,"href":"https:\/\/auteldronesbaltic.com\/lv\/wp-json\/wp\/v2\/product_brand?post=3273"},{"taxonomy":"product_cat","embeddable":true,"href":"https:\/\/auteldronesbaltic.com\/lv\/wp-json\/wp\/v2\/product_cat?post=3273"},{"taxonomy":"product_tag","embeddable":true,"href":"https:\/\/auteldronesbaltic.com\/lv\/wp-json\/wp\/v2\/product_tag?post=3273"}],"curies":[{"name":"wp","href":"https:\/\/api.w.org\/{rel}","templated":true}]}}