{"id":3274,"date":"2022-04-28T12:16:12","date_gmt":"2022-04-28T09:16:12","guid":{"rendered":"https:\/\/auteldronesbaltic.com\/uncategorized\/autel-evo-ii-propelleru-aizsargi\/"},"modified":"2024-10-16T10:55:32","modified_gmt":"2024-10-16T07:55:32","slug":"autel-evo-ii-propelleru-aizsargi","status":"publish","type":"product","link":"https:\/\/auteldronesbaltic.com\/lv\/autel-evo-ii-pro-un-aksesuari\/autel-evo-ii-propelleru-aizsargi\/","title":{"rendered":"Autel EVO II Propelleru aizsargi"},"content":{"rendered":"<p><span style=\"font-weight: 400;\">Autel EVO II propellera aizsargi ir viegli, viegli uzst\u0101d\u0101mi un no\u0146emami. Pasarg\u0101 dzenskr\u016bves un dronu no lieliem boj\u0101jumiem sadursmes gad\u012bjum\u0101.<\/span><\/p>\n","protected":false},"excerpt":{"rendered":"<p>Autel EVO II propellera aizsargi ir viegli, viegli uzst\u0101d\u0101mi un no\u0146emami. Pasarg\u0101 dzenskr\u016bves un dronu no lieliem boj\u0101jumiem sadursmes gad\u012bjum\u0101.<\/p>\n","protected":false},"featured_media":2085,"template":"","meta":{"_gspb_post_css":""},"product_brand":[],"product_cat":[133,151],"product_tag":[],"class_list":{"0":"post-3274","1":"product","2":"type-product","3":"status-publish","4":"has-post-thumbnail","6":"product_cat-autel-evo-ii-pro-un-aksesuari","7":"product_cat-piederumi","9":"first","10":"instock","11":"taxable","12":"shipping-taxable","13":"purchasable","14":"product-type-simple"},"_links":{"self":[{"href":"https:\/\/auteldronesbaltic.com\/lv\/wp-json\/wp\/v2\/product\/3274","targetHints":{"allow":["GET"]}}],"collection":[{"href":"https:\/\/auteldronesbaltic.com\/lv\/wp-json\/wp\/v2\/product"}],"about":[{"href":"https:\/\/auteldronesbaltic.com\/lv\/wp-json\/wp\/v2\/types\/product"}],"wp:featuredmedia":[{"embeddable":true,"href":"https:\/\/auteldronesbaltic.com\/lv\/wp-json\/wp\/v2\/media\/2085"}],"wp:attachment":[{"href":"https:\/\/auteldronesbaltic.com\/lv\/wp-json\/wp\/v2\/media?parent=3274"}],"wp:term":[{"taxonomy":"product_brand","embeddable":true,"href":"https:\/\/auteldronesbaltic.com\/lv\/wp-json\/wp\/v2\/product_brand?post=3274"},{"taxonomy":"product_cat","embeddable":true,"href":"https:\/\/auteldronesbaltic.com\/lv\/wp-json\/wp\/v2\/product_cat?post=3274"},{"taxonomy":"product_tag","embeddable":true,"href":"https:\/\/auteldronesbaltic.com\/lv\/wp-json\/wp\/v2\/product_tag?post=3274"}],"curies":[{"name":"wp","href":"https:\/\/api.w.org\/{rel}","templated":true}]}}