{"id":3278,"date":"2022-04-28T12:10:25","date_gmt":"2022-04-28T09:10:25","guid":{"rendered":"https:\/\/auteldronesbaltic.com\/uncategorized\/autel-evo-ii-dzenskruves\/"},"modified":"2024-10-16T10:58:16","modified_gmt":"2024-10-16T07:58:16","slug":"autel-evo-ii-dzenskruves","status":"publish","type":"product","link":"https:\/\/auteldronesbaltic.com\/lv\/autel-evo-ii-pro-un-aksesuari\/autel-evo-ii-dzenskruves\/","title":{"rendered":"Autel EVO II dzenskr\u016bves"},"content":{"rendered":"<p>EVO II dzenskr\u016bves ir izgatavotas no neilona un stikla \u0161\u0137iedras, nodro\u0161inot gan intensit\u0101ti, gan stingr\u012bbu. Tas stabiliz\u0113 lidojumu un aizsarg\u0101 lietot\u0101ju dro\u0161\u012bbu ekstrem\u0101los dzenskr\u016bves av\u0101rijas gad\u012bjumos, kad dzenskr\u016bves sapl\u012bs\u012bs, bet nesadal\u012bsies gabalos. V\u012btola formas dzenskr\u016bves tiek atk\u0101rtoti optimiz\u0113tas, lai nodro\u0161in\u0101tu vismaz\u0101ko pretest\u012bbu, augst\u0101ko efektivit\u0101ti un maz\u0101ko troksni. Salok\u0101mais dizains un dro\u0161a uzst\u0101d\u012b\u0161ana padara tos \u013coti lietot\u0101jam draudz\u012bgus.<\/p>\n<p>Autel Robotics ir p\u0101rveidojis propellerus EVO II s\u0113rijas lidma\u0161\u012bn\u0101m. \u0160\u012b atjaunin\u0101t\u0101 versija at\u0161\u0137iras no s\u0101kotn\u0113j\u0101 propellera dizaina. Abas propellera versijas lidma\u0161\u012bn\u0101 nevar sajaukt kop\u0101, jo tas rad\u012bs nestabilu lidojumu. Vis\u0101m dzenskr\u016bv\u0113m j\u0101b\u016bt vienai un tai pa\u0161ai versijai, lai nesaboj\u0101tu lidapar\u0101tu.<\/p>\n","protected":false},"excerpt":{"rendered":"<p>EVO II dzenskr\u016bves ir izgatavotas no neilona un stikla \u0161\u0137iedras, nodro\u0161inot gan intensit\u0101ti, gan stingr\u012bbu. Tas stabiliz\u0113 lidojumu un aizsarg\u0101 lietot\u0101ju dro\u0161\u012bbu ekstrem\u0101los dzenskr\u016bves av\u0101rijas gad\u012bjumos, kad dzenskr\u016bves sapl\u012bs\u012bs, bet nesadal\u012bsies gabalos. V\u012btola formas dzenskr\u016bves tiek atk\u0101rtoti optimiz\u0113tas, lai nodro\u0161in\u0101tu vismaz\u0101ko pretest\u012bbu, augst\u0101ko efektivit\u0101ti un maz\u0101ko troksni. Salok\u0101mais dizains un dro\u0161a uzst\u0101d\u012b\u0161ana padara tos \u013coti [&hellip;]<\/p>\n","protected":false},"featured_media":2034,"template":"","meta":{"_gspb_post_css":""},"product_brand":[],"product_cat":[133,151],"product_tag":[],"class_list":{"0":"post-3278","1":"product","2":"type-product","3":"status-publish","4":"has-post-thumbnail","6":"product_cat-autel-evo-ii-pro-un-aksesuari","7":"product_cat-piederumi","9":"first","10":"instock","11":"taxable","12":"shipping-taxable","13":"purchasable","14":"product-type-simple"},"_links":{"self":[{"href":"https:\/\/auteldronesbaltic.com\/lv\/wp-json\/wp\/v2\/product\/3278","targetHints":{"allow":["GET"]}}],"collection":[{"href":"https:\/\/auteldronesbaltic.com\/lv\/wp-json\/wp\/v2\/product"}],"about":[{"href":"https:\/\/auteldronesbaltic.com\/lv\/wp-json\/wp\/v2\/types\/product"}],"wp:featuredmedia":[{"embeddable":true,"href":"https:\/\/auteldronesbaltic.com\/lv\/wp-json\/wp\/v2\/media\/2034"}],"wp:attachment":[{"href":"https:\/\/auteldronesbaltic.com\/lv\/wp-json\/wp\/v2\/media?parent=3278"}],"wp:term":[{"taxonomy":"product_brand","embeddable":true,"href":"https:\/\/auteldronesbaltic.com\/lv\/wp-json\/wp\/v2\/product_brand?post=3278"},{"taxonomy":"product_cat","embeddable":true,"href":"https:\/\/auteldronesbaltic.com\/lv\/wp-json\/wp\/v2\/product_cat?post=3278"},{"taxonomy":"product_tag","embeddable":true,"href":"https:\/\/auteldronesbaltic.com\/lv\/wp-json\/wp\/v2\/product_tag?post=3278"}],"curies":[{"name":"wp","href":"https:\/\/api.w.org\/{rel}","templated":true}]}}