{"id":3285,"date":"2022-04-28T12:03:07","date_gmt":"2022-04-28T09:03:07","guid":{"rendered":"https:\/\/auteldronesbaltic.com\/uncategorized\/autel-evo-ii-pro-kardana-kamera\/"},"modified":"2025-10-03T15:44:49","modified_gmt":"2025-10-03T12:44:49","slug":"autel-evo-ii-pro-kardana-kamera","status":"publish","type":"product","link":"https:\/\/auteldronesbaltic.com\/lv\/autel-evo-ii-pro-un-aksesuari\/autel-evo-ii-pro-kardana-kamera\/","title":{"rendered":"Autel EVO II Pro kard\u0101na kamera"},"content":{"rendered":"<p><span style=\"font-weight: 400;\">EVO II Pro Gimbal kamera ar 1 collas sensoru var uz\u0146emt fotoatt\u0113lus ar iz\u0161\u0137irtsp\u0113ju l\u012bdz 20 MP (5472 \u00d7 3648) un ierakst\u012bt 5,5 K video ar \u0101trumu 30 kadri\/s vai 2,7 K video ar \u0101trumu 120 kadri\/s ar datu p\u0101rraides \u0101trumu l\u012bdz 120 kadriem\/s. Mb\/s. Diafragmas atv\u0113rumu var regul\u0113t no f\/2.8 l\u012bdz f\/11. 1 collas sensors, augst\u0101k\u0101s kvalit\u0101tes att\u0113la kvalit\u0101te f\/2.8-f\/11 regul\u0113jama diafragmas atv\u0113rums 10 bitu A-log kr\u0101su raksts, kas rada bezgal\u012bgas iesp\u0113jas p\u0113capstr\u0101dei 4K HDR kadrs Lielisks nakts fotoatt\u0113ls, maz\u0101k trok\u0161\u0146u Time-lapse fotograf\u0113\u0161ana 6K SOOC<\/span><\/p>\n","protected":false},"excerpt":{"rendered":"<p>EVO II Pro Gimbal kamera ar 1 collas sensoru var uz\u0146emt fotoatt\u0113lus ar iz\u0161\u0137irtsp\u0113ju l\u012bdz 20 MP (5472 \u00d7 3648) un ierakst\u012bt 5,5 K video ar \u0101trumu 30 kadri\/s vai 2,7 K video ar \u0101trumu 120 kadri\/s ar datu p\u0101rraides \u0101trumu l\u012bdz 120 kadriem\/s. Mb\/s. Diafragmas atv\u0113rumu var regul\u0113t no f\/2.8 l\u012bdz f\/11. 1 collas [&hellip;]<\/p>\n","protected":false},"featured_media":2014,"template":"","meta":{"_gspb_post_css":""},"product_brand":[],"product_cat":[133,151],"product_tag":[],"class_list":{"0":"post-3285","1":"product","2":"type-product","3":"status-publish","4":"has-post-thumbnail","6":"product_cat-autel-evo-ii-pro-un-aksesuari","7":"product_cat-piederumi","9":"first","10":"outofstock","11":"taxable","12":"shipping-taxable","13":"purchasable","14":"product-type-simple"},"_links":{"self":[{"href":"https:\/\/auteldronesbaltic.com\/lv\/wp-json\/wp\/v2\/product\/3285","targetHints":{"allow":["GET"]}}],"collection":[{"href":"https:\/\/auteldronesbaltic.com\/lv\/wp-json\/wp\/v2\/product"}],"about":[{"href":"https:\/\/auteldronesbaltic.com\/lv\/wp-json\/wp\/v2\/types\/product"}],"wp:featuredmedia":[{"embeddable":true,"href":"https:\/\/auteldronesbaltic.com\/lv\/wp-json\/wp\/v2\/media\/2014"}],"wp:attachment":[{"href":"https:\/\/auteldronesbaltic.com\/lv\/wp-json\/wp\/v2\/media?parent=3285"}],"wp:term":[{"taxonomy":"product_brand","embeddable":true,"href":"https:\/\/auteldronesbaltic.com\/lv\/wp-json\/wp\/v2\/product_brand?post=3285"},{"taxonomy":"product_cat","embeddable":true,"href":"https:\/\/auteldronesbaltic.com\/lv\/wp-json\/wp\/v2\/product_cat?post=3285"},{"taxonomy":"product_tag","embeddable":true,"href":"https:\/\/auteldronesbaltic.com\/lv\/wp-json\/wp\/v2\/product_tag?post=3285"}],"curies":[{"name":"wp","href":"https:\/\/api.w.org\/{rel}","templated":true}]}}