{"id":3286,"date":"2022-04-28T11:58:16","date_gmt":"2022-04-28T08:58:16","guid":{"rendered":"https:\/\/auteldronesbaltic.com\/uncategorized\/autel-evo-ii-pro-gimbal-vacins\/"},"modified":"2025-10-03T15:51:20","modified_gmt":"2025-10-03T12:51:20","slug":"autel-evo-ii-pro-gimbal-vacins","status":"publish","type":"product","link":"https:\/\/auteldronesbaltic.com\/lv\/autel-evo-ii-pro-un-aksesuari\/autel-evo-ii-pro-gimbal-vacins\/","title":{"rendered":"Autel EVO II Pro Gimbal v\u0101ci\u0146\u0161"},"content":{"rendered":"<p><span style=\"font-weight: 400;\">Transport\u0113\u0161anas laik\u0101 aizsarg\u0101jiet kameras objekt\u012bvu un kard\u0101nu.<\/span><\/p>\n<p><span style=\"font-weight: 400;\">Savietojams ar EVO II Pro (6K)<\/span><\/p>\n","protected":false},"excerpt":{"rendered":"<p>Transport\u0113\u0161anas laik\u0101 aizsarg\u0101jiet kameras objekt\u012bvu un kard\u0101nu. Savietojams ar EVO II Pro (6K)<\/p>\n","protected":false},"featured_media":1980,"template":"","meta":{"_gspb_post_css":""},"product_brand":[],"product_cat":[133,151],"product_tag":[],"class_list":{"0":"post-3286","1":"product","2":"type-product","3":"status-publish","4":"has-post-thumbnail","6":"product_cat-autel-evo-ii-pro-un-aksesuari","7":"product_cat-piederumi","9":"first","10":"outofstock","11":"taxable","12":"shipping-taxable","13":"purchasable","14":"product-type-simple"},"_links":{"self":[{"href":"https:\/\/auteldronesbaltic.com\/lv\/wp-json\/wp\/v2\/product\/3286","targetHints":{"allow":["GET"]}}],"collection":[{"href":"https:\/\/auteldronesbaltic.com\/lv\/wp-json\/wp\/v2\/product"}],"about":[{"href":"https:\/\/auteldronesbaltic.com\/lv\/wp-json\/wp\/v2\/types\/product"}],"wp:featuredmedia":[{"embeddable":true,"href":"https:\/\/auteldronesbaltic.com\/lv\/wp-json\/wp\/v2\/media\/1980"}],"wp:attachment":[{"href":"https:\/\/auteldronesbaltic.com\/lv\/wp-json\/wp\/v2\/media?parent=3286"}],"wp:term":[{"taxonomy":"product_brand","embeddable":true,"href":"https:\/\/auteldronesbaltic.com\/lv\/wp-json\/wp\/v2\/product_brand?post=3286"},{"taxonomy":"product_cat","embeddable":true,"href":"https:\/\/auteldronesbaltic.com\/lv\/wp-json\/wp\/v2\/product_cat?post=3286"},{"taxonomy":"product_tag","embeddable":true,"href":"https:\/\/auteldronesbaltic.com\/lv\/wp-json\/wp\/v2\/product_tag?post=3286"}],"curies":[{"name":"wp","href":"https:\/\/api.w.org\/{rel}","templated":true}]}}