{"id":3294,"date":"2022-04-28T11:31:06","date_gmt":"2022-04-28T08:31:06","guid":{"rendered":"https:\/\/auteldronesbaltic.com\/uncategorized\/autel-evo-ii-pro-nd-filtri\/"},"modified":"2025-04-21T14:45:33","modified_gmt":"2025-04-21T11:45:33","slug":"autel-evo-ii-pro-nd-filtri","status":"publish","type":"product","link":"https:\/\/auteldronesbaltic.com\/lv\/autel-evo-ii-pro-un-aksesuari\/autel-evo-ii-pro-nd-filtri\/","title":{"rendered":"Autel EVO II Pro ND filtri"},"content":{"rendered":"<p><span style=\"font-weight: 400;\">Paceliet savas fotograf\u0113\u0161anas prasmes n\u0101kamaj\u0101 l\u012bmen\u012b, izmantojot \u0161o 4 neitr\u0101la bl\u012bvuma (ND) filtru komplektu. \u0160ie ND filtri ir izstr\u0101d\u0101ti un optimiz\u0113ti lieto\u0161anai ar EVO II Pro, un tie pal\u012bdz samazin\u0101t gaismas iek\u013c\u016b\u0161anu kameras objekt\u012bv\u0101, \u013caujot vair\u0101k piel\u0101got un kontrol\u0113t j\u016bsu att\u0113lu ekspoz\u012bciju.<\/span><\/p>\n<p><span style=\"font-weight: 400;\">\u00a0<\/span><\/p>\n<p><span style=\"font-weight: 400;\">\u0160aj\u0101 EVO II Pro ND filtru komplekt\u0101 ietilpst:<\/span><\/p>\n<p><span style=\"font-weight: 400;\">\u00a0<\/span><\/p>\n<p><span style=\"font-weight: 400;\">ND4 (2 pieturas)<\/span><\/p>\n<p><span style=\"font-weight: 400;\">ND8 (3 pieturas)<\/span><\/p>\n<p><span style=\"font-weight: 400;\">ND16 (4 pieturas)<\/span><\/p>\n<p><span style=\"font-weight: 400;\">ND32 (5 pieturas)<\/span><\/p>\n<p><span style=\"font-weight: 400;\">Aizsargmaci\u0146a<\/span><\/p>\n","protected":false},"excerpt":{"rendered":"<p>Paceliet savas fotograf\u0113\u0161anas prasmes n\u0101kamaj\u0101 l\u012bmen\u012b, izmantojot \u0161o 4 neitr\u0101la bl\u012bvuma (ND) filtru komplektu. \u0160ie ND filtri ir izstr\u0101d\u0101ti un optimiz\u0113ti lieto\u0161anai ar EVO II Pro, un tie pal\u012bdz samazin\u0101t gaismas iek\u013c\u016b\u0161anu kameras objekt\u012bv\u0101, \u013caujot vair\u0101k piel\u0101got un kontrol\u0113t j\u016bsu att\u0113lu ekspoz\u012bciju. \u00a0 \u0160aj\u0101 EVO II Pro ND filtru komplekt\u0101 ietilpst: \u00a0 ND4 (2 pieturas) [&hellip;]<\/p>\n","protected":false},"featured_media":1883,"template":"","meta":{"_gspb_post_css":""},"product_brand":[],"product_cat":[133,151],"product_tag":[],"class_list":{"0":"post-3294","1":"product","2":"type-product","3":"status-publish","4":"has-post-thumbnail","6":"product_cat-autel-evo-ii-pro-un-aksesuari","7":"product_cat-piederumi","9":"first","10":"instock","11":"sale","12":"taxable","13":"shipping-taxable","14":"purchasable","15":"product-type-simple"},"_links":{"self":[{"href":"https:\/\/auteldronesbaltic.com\/lv\/wp-json\/wp\/v2\/product\/3294","targetHints":{"allow":["GET"]}}],"collection":[{"href":"https:\/\/auteldronesbaltic.com\/lv\/wp-json\/wp\/v2\/product"}],"about":[{"href":"https:\/\/auteldronesbaltic.com\/lv\/wp-json\/wp\/v2\/types\/product"}],"wp:featuredmedia":[{"embeddable":true,"href":"https:\/\/auteldronesbaltic.com\/lv\/wp-json\/wp\/v2\/media\/1883"}],"wp:attachment":[{"href":"https:\/\/auteldronesbaltic.com\/lv\/wp-json\/wp\/v2\/media?parent=3294"}],"wp:term":[{"taxonomy":"product_brand","embeddable":true,"href":"https:\/\/auteldronesbaltic.com\/lv\/wp-json\/wp\/v2\/product_brand?post=3294"},{"taxonomy":"product_cat","embeddable":true,"href":"https:\/\/auteldronesbaltic.com\/lv\/wp-json\/wp\/v2\/product_cat?post=3294"},{"taxonomy":"product_tag","embeddable":true,"href":"https:\/\/auteldronesbaltic.com\/lv\/wp-json\/wp\/v2\/product_tag?post=3294"}],"curies":[{"name":"wp","href":"https:\/\/api.w.org\/{rel}","templated":true}]}}