{"id":3314,"date":"2022-04-27T20:44:16","date_gmt":"2022-04-27T17:44:16","guid":{"rendered":"https:\/\/auteldronesbaltic.com\/uncategorized\/autel-evo-nano-plecu-soma\/"},"modified":"2025-10-03T15:51:56","modified_gmt":"2025-10-03T12:51:56","slug":"autel-evo-nano-plecu-soma","status":"publish","type":"product","link":"https:\/\/auteldronesbaltic.com\/lv\/autel-evo-nano-un-aksesuari\/autel-evo-nano-plecu-soma\/","title":{"rendered":"Autel EVO Nano Plecu soma"},"content":{"rendered":"<p><span style=\"font-weight: 400;\">Kompakta plecu soma EVO Nano s\u0113rijai, kur\u0101 ir vieta dronam, rezerves akumulatoriem, piederumiem un uzl\u0101des apr\u012bkojumam.<\/span><\/p>\n","protected":false},"excerpt":{"rendered":"<p>Kompakta plecu soma EVO Nano s\u0113rijai, kur\u0101 ir vieta dronam, rezerves akumulatoriem, piederumiem un uzl\u0101des apr\u012bkojumam.<\/p>\n","protected":false},"featured_media":1819,"template":"","meta":{"_gspb_post_css":""},"product_brand":[],"product_cat":[135,151],"product_tag":[],"class_list":{"0":"post-3314","1":"product","2":"type-product","3":"status-publish","4":"has-post-thumbnail","6":"product_cat-autel-evo-nano-un-aksesuari","7":"product_cat-piederumi","9":"first","10":"onbackorder","11":"taxable","12":"shipping-taxable","13":"purchasable","14":"product-type-simple"},"_links":{"self":[{"href":"https:\/\/auteldronesbaltic.com\/lv\/wp-json\/wp\/v2\/product\/3314","targetHints":{"allow":["GET"]}}],"collection":[{"href":"https:\/\/auteldronesbaltic.com\/lv\/wp-json\/wp\/v2\/product"}],"about":[{"href":"https:\/\/auteldronesbaltic.com\/lv\/wp-json\/wp\/v2\/types\/product"}],"wp:featuredmedia":[{"embeddable":true,"href":"https:\/\/auteldronesbaltic.com\/lv\/wp-json\/wp\/v2\/media\/1819"}],"wp:attachment":[{"href":"https:\/\/auteldronesbaltic.com\/lv\/wp-json\/wp\/v2\/media?parent=3314"}],"wp:term":[{"taxonomy":"product_brand","embeddable":true,"href":"https:\/\/auteldronesbaltic.com\/lv\/wp-json\/wp\/v2\/product_brand?post=3314"},{"taxonomy":"product_cat","embeddable":true,"href":"https:\/\/auteldronesbaltic.com\/lv\/wp-json\/wp\/v2\/product_cat?post=3314"},{"taxonomy":"product_tag","embeddable":true,"href":"https:\/\/auteldronesbaltic.com\/lv\/wp-json\/wp\/v2\/product_tag?post=3314"}],"curies":[{"name":"wp","href":"https:\/\/api.w.org\/{rel}","templated":true}]}}