{"id":3318,"date":"2022-04-27T20:36:32","date_gmt":"2022-04-27T17:36:32","guid":{"rendered":"https:\/\/auteldronesbaltic.com\/uncategorized\/autel-evo-nano-dzenskruves\/"},"modified":"2024-10-16T11:06:31","modified_gmt":"2024-10-16T08:06:31","slug":"autel-evo-nano-dzenskruves","status":"publish","type":"product","link":"https:\/\/auteldronesbaltic.com\/lv\/autel-evo-nano-un-aksesuari\/autel-evo-nano-dzenskruves\/","title":{"rendered":"Autel EVO Nano dzenskr\u016bves"},"content":{"rendered":"<p><span style=\"font-weight: 400;\">EVO Nano dzenskr\u016bves ir izgatavotas no nepl\u012bsto\u0161a neilona un stikla \u0161\u0137iedras, ir veidotas t\u0101, lai nodro\u0161in\u0101tu optim\u0101lu aerodinamisko veiktsp\u0113ju un minim\u0101lu troksni, un t\u0101s ir salok\u0101mas, lai palielin\u0101tu dro\u0161\u012bbu un p\u0101rnesam\u012bbu.<\/span><\/p>\n","protected":false},"excerpt":{"rendered":"<p>EVO Nano dzenskr\u016bves ir izgatavotas no nepl\u012bsto\u0161a neilona un stikla \u0161\u0137iedras, ir veidotas t\u0101, lai nodro\u0161in\u0101tu optim\u0101lu aerodinamisko veiktsp\u0113ju un minim\u0101lu troksni, un t\u0101s ir salok\u0101mas, lai palielin\u0101tu dro\u0161\u012bbu un p\u0101rnesam\u012bbu.<\/p>\n","protected":false},"featured_media":1770,"template":"","meta":{"_gspb_post_css":""},"product_brand":[],"product_cat":[135,151],"product_tag":[],"class_list":{"0":"post-3318","1":"product","2":"type-product","3":"status-publish","4":"has-post-thumbnail","6":"product_cat-autel-evo-nano-un-aksesuari","7":"product_cat-piederumi","9":"first","10":"instock","11":"taxable","12":"shipping-taxable","13":"purchasable","14":"product-type-simple"},"_links":{"self":[{"href":"https:\/\/auteldronesbaltic.com\/lv\/wp-json\/wp\/v2\/product\/3318","targetHints":{"allow":["GET"]}}],"collection":[{"href":"https:\/\/auteldronesbaltic.com\/lv\/wp-json\/wp\/v2\/product"}],"about":[{"href":"https:\/\/auteldronesbaltic.com\/lv\/wp-json\/wp\/v2\/types\/product"}],"wp:featuredmedia":[{"embeddable":true,"href":"https:\/\/auteldronesbaltic.com\/lv\/wp-json\/wp\/v2\/media\/1770"}],"wp:attachment":[{"href":"https:\/\/auteldronesbaltic.com\/lv\/wp-json\/wp\/v2\/media?parent=3318"}],"wp:term":[{"taxonomy":"product_brand","embeddable":true,"href":"https:\/\/auteldronesbaltic.com\/lv\/wp-json\/wp\/v2\/product_brand?post=3318"},{"taxonomy":"product_cat","embeddable":true,"href":"https:\/\/auteldronesbaltic.com\/lv\/wp-json\/wp\/v2\/product_cat?post=3318"},{"taxonomy":"product_tag","embeddable":true,"href":"https:\/\/auteldronesbaltic.com\/lv\/wp-json\/wp\/v2\/product_tag?post=3318"}],"curies":[{"name":"wp","href":"https:\/\/api.w.org\/{rel}","templated":true}]}}