{"id":3325,"date":"2022-04-27T20:33:49","date_gmt":"2022-04-27T17:33:49","guid":{"rendered":"https:\/\/auteldronesbaltic.com\/uncategorized\/autel-evo-nano-propellera-turetajs\/"},"modified":"2024-10-16T11:07:39","modified_gmt":"2024-10-16T08:07:39","slug":"autel-evo-nano-propellera-turetajs","status":"publish","type":"product","link":"https:\/\/auteldronesbaltic.com\/lv\/autel-evo-nano-un-aksesuari\/autel-evo-nano-propellera-turetajs\/","title":{"rendered":"Autel EVO Nano Propellera tur\u0113t\u0101js"},"content":{"rendered":"<p><span style=\"font-weight: 400;\">\u0160\u012b siksna apvij Nano k\u0101 josta, lai notur\u0113tu drona dzenskr\u016bves pret r\u0101mi, lai tie b\u016btu dro\u0161i transport\u0113\u0161anas laik\u0101<\/span><\/p>\n","protected":false},"excerpt":{"rendered":"<p>\u0160\u012b siksna apvij Nano k\u0101 josta, lai notur\u0113tu drona dzenskr\u016bves pret r\u0101mi, lai tie b\u016btu dro\u0161i transport\u0113\u0161anas laik\u0101<\/p>\n","protected":false},"featured_media":1730,"template":"","meta":{"_gspb_post_css":""},"product_brand":[],"product_cat":[135,151],"product_tag":[],"class_list":{"0":"post-3325","1":"product","2":"type-product","3":"status-publish","4":"has-post-thumbnail","6":"product_cat-autel-evo-nano-un-aksesuari","7":"product_cat-piederumi","9":"first","10":"instock","11":"taxable","12":"shipping-taxable","13":"purchasable","14":"product-type-simple"},"_links":{"self":[{"href":"https:\/\/auteldronesbaltic.com\/lv\/wp-json\/wp\/v2\/product\/3325","targetHints":{"allow":["GET"]}}],"collection":[{"href":"https:\/\/auteldronesbaltic.com\/lv\/wp-json\/wp\/v2\/product"}],"about":[{"href":"https:\/\/auteldronesbaltic.com\/lv\/wp-json\/wp\/v2\/types\/product"}],"wp:featuredmedia":[{"embeddable":true,"href":"https:\/\/auteldronesbaltic.com\/lv\/wp-json\/wp\/v2\/media\/1730"}],"wp:attachment":[{"href":"https:\/\/auteldronesbaltic.com\/lv\/wp-json\/wp\/v2\/media?parent=3325"}],"wp:term":[{"taxonomy":"product_brand","embeddable":true,"href":"https:\/\/auteldronesbaltic.com\/lv\/wp-json\/wp\/v2\/product_brand?post=3325"},{"taxonomy":"product_cat","embeddable":true,"href":"https:\/\/auteldronesbaltic.com\/lv\/wp-json\/wp\/v2\/product_cat?post=3325"},{"taxonomy":"product_tag","embeddable":true,"href":"https:\/\/auteldronesbaltic.com\/lv\/wp-json\/wp\/v2\/product_tag?post=3325"}],"curies":[{"name":"wp","href":"https:\/\/api.w.org\/{rel}","templated":true}]}}