{"id":3326,"date":"2022-04-27T20:28:26","date_gmt":"2022-04-27T17:28:26","guid":{"rendered":"https:\/\/auteldronesbaltic.com\/uncategorized\/autel-evo-nano-gimbal-vacins\/"},"modified":"2024-10-16T11:06:43","modified_gmt":"2024-10-16T08:06:43","slug":"autel-evo-nano-gimbal-vacins","status":"publish","type":"product","link":"https:\/\/auteldronesbaltic.com\/lv\/autel-evo-nano-un-aksesuari\/autel-evo-nano-gimbal-vacins\/","title":{"rendered":"Autel EVO Nano Gimbal v\u0101ci\u0146\u0161"},"content":{"rendered":"<p><span style=\"font-weight: 400;\">\u0160is caursp\u012bd\u012bgais plastmasas tur\u0113t\u0101js pasarg\u0101s j\u016bsu kard\u0101nu un kameras objekt\u012bvu transport\u0113\u0161anas laik\u0101.<\/span><\/p>\n","protected":false},"excerpt":{"rendered":"<p>\u0160is caursp\u012bd\u012bgais plastmasas tur\u0113t\u0101js pasarg\u0101s j\u016bsu kard\u0101nu un kameras objekt\u012bvu transport\u0113\u0161anas laik\u0101.<\/p>\n","protected":false},"featured_media":1681,"template":"","meta":{"_gspb_post_css":""},"product_brand":[],"product_cat":[135,151],"product_tag":[],"class_list":{"0":"post-3326","1":"product","2":"type-product","3":"status-publish","4":"has-post-thumbnail","6":"product_cat-autel-evo-nano-un-aksesuari","7":"product_cat-piederumi","9":"first","10":"instock","11":"taxable","12":"shipping-taxable","13":"purchasable","14":"product-type-simple"},"_links":{"self":[{"href":"https:\/\/auteldronesbaltic.com\/lv\/wp-json\/wp\/v2\/product\/3326","targetHints":{"allow":["GET"]}}],"collection":[{"href":"https:\/\/auteldronesbaltic.com\/lv\/wp-json\/wp\/v2\/product"}],"about":[{"href":"https:\/\/auteldronesbaltic.com\/lv\/wp-json\/wp\/v2\/types\/product"}],"wp:featuredmedia":[{"embeddable":true,"href":"https:\/\/auteldronesbaltic.com\/lv\/wp-json\/wp\/v2\/media\/1681"}],"wp:attachment":[{"href":"https:\/\/auteldronesbaltic.com\/lv\/wp-json\/wp\/v2\/media?parent=3326"}],"wp:term":[{"taxonomy":"product_brand","embeddable":true,"href":"https:\/\/auteldronesbaltic.com\/lv\/wp-json\/wp\/v2\/product_brand?post=3326"},{"taxonomy":"product_cat","embeddable":true,"href":"https:\/\/auteldronesbaltic.com\/lv\/wp-json\/wp\/v2\/product_cat?post=3326"},{"taxonomy":"product_tag","embeddable":true,"href":"https:\/\/auteldronesbaltic.com\/lv\/wp-json\/wp\/v2\/product_tag?post=3326"}],"curies":[{"name":"wp","href":"https:\/\/api.w.org\/{rel}","templated":true}]}}