{"id":3334,"date":"2022-04-27T20:20:46","date_gmt":"2022-04-27T17:20:46","guid":{"rendered":"https:\/\/auteldronesbaltic.com\/uncategorized\/autel-evo-lite-telefona-turetajs\/"},"modified":"2025-10-03T15:52:49","modified_gmt":"2025-10-03T12:52:49","slug":"autel-evo-lite-telefona-turetajs","status":"publish","type":"product","link":"https:\/\/auteldronesbaltic.com\/lv\/autel-evo-lite-un-aksesuari\/autel-evo-lite-telefona-turetajs\/","title":{"rendered":"Autel EVO Lite telefona tur\u0113t\u0101js"},"content":{"rendered":"<p><span style=\"font-weight: 400;\">\u0160is vienk\u0101r\u0161ais, iztur\u012bgais stat\u012bvs stingri notur\u0113s j\u016bsu viedt\u0101lruni, \u013caujot viegli p\u0101rsl\u0113gties no ainavas un portreta fotograf\u0113\u0161anas. Tas ir sader\u012bgs ar liel\u0101ko da\u013cu mobilo ier\u012b\u010du tirg\u016b.<\/span><\/p>\n","protected":false},"excerpt":{"rendered":"<p>\u0160is vienk\u0101r\u0161ais, iztur\u012bgais stat\u012bvs stingri notur\u0113s j\u016bsu viedt\u0101lruni, \u013caujot viegli p\u0101rsl\u0113gties no ainavas un portreta fotograf\u0113\u0161anas. Tas ir sader\u012bgs ar liel\u0101ko da\u013cu mobilo ier\u012b\u010du tirg\u016b.<\/p>\n","protected":false},"featured_media":1600,"template":"","meta":{"_gspb_post_css":""},"product_brand":[],"product_cat":[134,151],"product_tag":[],"class_list":{"0":"post-3334","1":"product","2":"type-product","3":"status-publish","4":"has-post-thumbnail","6":"product_cat-autel-evo-lite-un-aksesuari","7":"product_cat-piederumi","9":"first","10":"onbackorder","11":"taxable","12":"shipping-taxable","13":"purchasable","14":"product-type-simple"},"_links":{"self":[{"href":"https:\/\/auteldronesbaltic.com\/lv\/wp-json\/wp\/v2\/product\/3334","targetHints":{"allow":["GET"]}}],"collection":[{"href":"https:\/\/auteldronesbaltic.com\/lv\/wp-json\/wp\/v2\/product"}],"about":[{"href":"https:\/\/auteldronesbaltic.com\/lv\/wp-json\/wp\/v2\/types\/product"}],"wp:featuredmedia":[{"embeddable":true,"href":"https:\/\/auteldronesbaltic.com\/lv\/wp-json\/wp\/v2\/media\/1600"}],"wp:attachment":[{"href":"https:\/\/auteldronesbaltic.com\/lv\/wp-json\/wp\/v2\/media?parent=3334"}],"wp:term":[{"taxonomy":"product_brand","embeddable":true,"href":"https:\/\/auteldronesbaltic.com\/lv\/wp-json\/wp\/v2\/product_brand?post=3334"},{"taxonomy":"product_cat","embeddable":true,"href":"https:\/\/auteldronesbaltic.com\/lv\/wp-json\/wp\/v2\/product_cat?post=3334"},{"taxonomy":"product_tag","embeddable":true,"href":"https:\/\/auteldronesbaltic.com\/lv\/wp-json\/wp\/v2\/product_tag?post=3334"}],"curies":[{"name":"wp","href":"https:\/\/api.w.org\/{rel}","templated":true}]}}