{"id":3349,"date":"2022-04-27T16:02:31","date_gmt":"2022-04-27T13:02:31","guid":{"rendered":"https:\/\/auteldronesbaltic.com\/uncategorized\/autel-evo-lite-plecu-soma\/"},"modified":"2025-10-03T15:53:07","modified_gmt":"2025-10-03T12:53:07","slug":"autel-evo-lite-plecu-soma","status":"publish","type":"product","link":"https:\/\/auteldronesbaltic.com\/lv\/autel-evo-lite-un-aksesuari\/autel-evo-lite-plecu-soma\/","title":{"rendered":"Autel EVO Lite Plecu soma"},"content":{"rendered":"<p><span style=\"font-weight: 400;\">Kompakta plecu soma EVO Lite un aksesu\u0101riem, kur\u0101 ir vieta dronam, rezerves akumulatoriem un uzl\u0101des apr\u012bkojumam.<\/span><\/p>\n","protected":false},"excerpt":{"rendered":"<p>Kompakta plecu soma EVO Lite un aksesu\u0101riem, kur\u0101 ir vieta dronam, rezerves akumulatoriem un uzl\u0101des apr\u012bkojumam.<\/p>\n","protected":false},"featured_media":1501,"template":"","meta":{"_gspb_post_css":""},"product_brand":[],"product_cat":[134,151],"product_tag":[],"class_list":{"0":"post-3349","1":"product","2":"type-product","3":"status-publish","4":"has-post-thumbnail","6":"product_cat-autel-evo-lite-un-aksesuari","7":"product_cat-piederumi","9":"first","10":"onbackorder","11":"taxable","12":"shipping-taxable","13":"purchasable","14":"product-type-simple"},"_links":{"self":[{"href":"https:\/\/auteldronesbaltic.com\/lv\/wp-json\/wp\/v2\/product\/3349","targetHints":{"allow":["GET"]}}],"collection":[{"href":"https:\/\/auteldronesbaltic.com\/lv\/wp-json\/wp\/v2\/product"}],"about":[{"href":"https:\/\/auteldronesbaltic.com\/lv\/wp-json\/wp\/v2\/types\/product"}],"wp:featuredmedia":[{"embeddable":true,"href":"https:\/\/auteldronesbaltic.com\/lv\/wp-json\/wp\/v2\/media\/1501"}],"wp:attachment":[{"href":"https:\/\/auteldronesbaltic.com\/lv\/wp-json\/wp\/v2\/media?parent=3349"}],"wp:term":[{"taxonomy":"product_brand","embeddable":true,"href":"https:\/\/auteldronesbaltic.com\/lv\/wp-json\/wp\/v2\/product_brand?post=3349"},{"taxonomy":"product_cat","embeddable":true,"href":"https:\/\/auteldronesbaltic.com\/lv\/wp-json\/wp\/v2\/product_cat?post=3349"},{"taxonomy":"product_tag","embeddable":true,"href":"https:\/\/auteldronesbaltic.com\/lv\/wp-json\/wp\/v2\/product_tag?post=3349"}],"curies":[{"name":"wp","href":"https:\/\/api.w.org\/{rel}","templated":true}]}}