{"id":3350,"date":"2022-04-27T15:57:11","date_gmt":"2022-04-27T12:57:11","guid":{"rendered":"https:\/\/auteldronesbaltic.com\/uncategorized\/autel-evo-lite-nd-filtri\/"},"modified":"2024-10-16T10:59:46","modified_gmt":"2024-10-16T07:59:46","slug":"autel-evo-lite-nd-filtri","status":"publish","type":"product","link":"https:\/\/auteldronesbaltic.com\/lv\/autel-evo-lite-un-aksesuari\/autel-evo-lite-nd-filtri\/","title":{"rendered":"Autel EVO Lite+ ND filtri"},"content":{"rendered":"<p><span style=\"font-weight: 400;\">Paceliet savas fotograf\u0113\u0161anas prasmes n\u0101kamaj\u0101 l\u012bmen\u012b, izmantojot \u0161o 4 neitr\u0101la bl\u012bvuma (ND) filtru komplektu. \u0160ie ND filtri ir izstr\u0101d\u0101ti un optimiz\u0113ti lieto\u0161anai ar EVO Lite+, un tie pal\u012bdz samazin\u0101t gaismas iek\u013c\u016b\u0161anu kameras objekt\u012bv\u0101, \u013caujot vair\u0101k piel\u0101got un kontrol\u0113t j\u016bsu att\u0113lu ekspoz\u012bciju.<\/span><\/p>\n<p><span style=\"font-weight: 400;\">\u0160aj\u0101 EVO II ND filtru komplekt\u0101 ietilpst:<\/span><\/p>\n<p><span style=\"font-weight: 400;\">ND4 (2 pieturas)<br \/>\n<\/span><span style=\"font-weight: 400;\">ND8 (3 pieturas)<br \/>\n<\/span><span style=\"font-weight: 400;\">ND16 (4 pieturas)<br \/>\n<\/span><span style=\"font-weight: 400;\">ND32 (5 pieturas)<br \/>\n<\/span><span style=\"font-weight: 400;\">Aizsargmaci\u0146a<\/span><\/p>\n","protected":false},"excerpt":{"rendered":"<p>Paceliet savas fotograf\u0113\u0161anas prasmes n\u0101kamaj\u0101 l\u012bmen\u012b, izmantojot \u0161o 4 neitr\u0101la bl\u012bvuma (ND) filtru komplektu. \u0160ie ND filtri ir izstr\u0101d\u0101ti un optimiz\u0113ti lieto\u0161anai ar EVO Lite+, un tie pal\u012bdz samazin\u0101t gaismas iek\u013c\u016b\u0161anu kameras objekt\u012bv\u0101, \u013caujot vair\u0101k piel\u0101got un kontrol\u0113t j\u016bsu att\u0113lu ekspoz\u012bciju. \u0160aj\u0101 EVO II ND filtru komplekt\u0101 ietilpst: ND4 (2 pieturas) ND8 (3 pieturas) ND16 [&hellip;]<\/p>\n","protected":false},"featured_media":1452,"template":"","meta":{"_gspb_post_css":""},"product_brand":[],"product_cat":[134,151],"product_tag":[],"class_list":{"0":"post-3350","1":"product","2":"type-product","3":"status-publish","4":"has-post-thumbnail","6":"product_cat-autel-evo-lite-un-aksesuari","7":"product_cat-piederumi","9":"first","10":"outofstock","11":"taxable","12":"shipping-taxable","13":"purchasable","14":"product-type-simple"},"_links":{"self":[{"href":"https:\/\/auteldronesbaltic.com\/lv\/wp-json\/wp\/v2\/product\/3350","targetHints":{"allow":["GET"]}}],"collection":[{"href":"https:\/\/auteldronesbaltic.com\/lv\/wp-json\/wp\/v2\/product"}],"about":[{"href":"https:\/\/auteldronesbaltic.com\/lv\/wp-json\/wp\/v2\/types\/product"}],"wp:featuredmedia":[{"embeddable":true,"href":"https:\/\/auteldronesbaltic.com\/lv\/wp-json\/wp\/v2\/media\/1452"}],"wp:attachment":[{"href":"https:\/\/auteldronesbaltic.com\/lv\/wp-json\/wp\/v2\/media?parent=3350"}],"wp:term":[{"taxonomy":"product_brand","embeddable":true,"href":"https:\/\/auteldronesbaltic.com\/lv\/wp-json\/wp\/v2\/product_brand?post=3350"},{"taxonomy":"product_cat","embeddable":true,"href":"https:\/\/auteldronesbaltic.com\/lv\/wp-json\/wp\/v2\/product_cat?post=3350"},{"taxonomy":"product_tag","embeddable":true,"href":"https:\/\/auteldronesbaltic.com\/lv\/wp-json\/wp\/v2\/product_tag?post=3350"}],"curies":[{"name":"wp","href":"https:\/\/api.w.org\/{rel}","templated":true}]}}