{"id":3357,"date":"2022-04-27T15:43:22","date_gmt":"2022-04-27T12:43:22","guid":{"rendered":"https:\/\/auteldronesbaltic.com\/uncategorized\/autel-evo-ii-akumulators\/"},"modified":"2025-05-22T11:28:01","modified_gmt":"2025-05-22T08:28:01","slug":"autel-evo-ii-akumulators","status":"publish","type":"product","link":"https:\/\/auteldronesbaltic.com\/lv\/autel-evo-ii-pro-un-aksesuari\/autel-evo-ii-akumulators\/","title":{"rendered":"Autel EVO II Akumulators"},"content":{"rendered":"<p><span style=\"font-weight: 400;\">EVO II viedajam lidojuma akumulatoram, kura nomin\u0101l\u0101 jauda ir 82 Wh, ir augsta ener\u0123ijas bl\u012bvuma polim\u0113ru litija jonu elementi. T\u0101s \u0161\u016bnas, ko darbina lamin\u0113tu \u0161\u016bnu tehnolo\u0123ija, kas iev\u0113rojami samazina iek\u0161\u0113jo pretest\u012bbu un uzlabo akumulatora pieejamo jaudu, nodro\u0161ina izcilu akumulatora darb\u012bbas laiku 40 min.<\/span><\/p>\n","protected":false},"excerpt":{"rendered":"<p>EVO II viedajam lidojuma akumulatoram, kura nomin\u0101l\u0101 jauda ir 82 Wh, ir augsta ener\u0123ijas bl\u012bvuma polim\u0113ru litija jonu elementi. T\u0101s \u0161\u016bnas, ko darbina lamin\u0113tu \u0161\u016bnu tehnolo\u0123ija, kas iev\u0113rojami samazina iek\u0161\u0113jo pretest\u012bbu un uzlabo akumulatora pieejamo jaudu, nodro\u0161ina izcilu akumulatora darb\u012bbas laiku 40 min.<\/p>\n","protected":false},"featured_media":1388,"template":"","meta":{"_gspb_post_css":""},"product_brand":[],"product_cat":[133,151],"product_tag":[],"class_list":{"0":"post-3357","1":"product","2":"type-product","3":"status-publish","4":"has-post-thumbnail","6":"product_cat-autel-evo-ii-pro-un-aksesuari","7":"product_cat-piederumi","9":"first","10":"instock","11":"sale","12":"taxable","13":"shipping-taxable","14":"purchasable","15":"product-type-variable"},"_links":{"self":[{"href":"https:\/\/auteldronesbaltic.com\/lv\/wp-json\/wp\/v2\/product\/3357","targetHints":{"allow":["GET"]}}],"collection":[{"href":"https:\/\/auteldronesbaltic.com\/lv\/wp-json\/wp\/v2\/product"}],"about":[{"href":"https:\/\/auteldronesbaltic.com\/lv\/wp-json\/wp\/v2\/types\/product"}],"wp:featuredmedia":[{"embeddable":true,"href":"https:\/\/auteldronesbaltic.com\/lv\/wp-json\/wp\/v2\/media\/1388"}],"wp:attachment":[{"href":"https:\/\/auteldronesbaltic.com\/lv\/wp-json\/wp\/v2\/media?parent=3357"}],"wp:term":[{"taxonomy":"product_brand","embeddable":true,"href":"https:\/\/auteldronesbaltic.com\/lv\/wp-json\/wp\/v2\/product_brand?post=3357"},{"taxonomy":"product_cat","embeddable":true,"href":"https:\/\/auteldronesbaltic.com\/lv\/wp-json\/wp\/v2\/product_cat?post=3357"},{"taxonomy":"product_tag","embeddable":true,"href":"https:\/\/auteldronesbaltic.com\/lv\/wp-json\/wp\/v2\/product_tag?post=3357"}],"curies":[{"name":"wp","href":"https:\/\/api.w.org\/{rel}","templated":true}]}}