{"id":3358,"date":"2022-04-27T14:33:54","date_gmt":"2022-04-27T11:33:54","guid":{"rendered":"https:\/\/auteldronesbaltic.com\/uncategorized\/autel-evo-lite-akumulators\/"},"modified":"2025-04-21T15:20:29","modified_gmt":"2025-04-21T12:20:29","slug":"autel-evo-lite-akumulators","status":"publish","type":"product","link":"https:\/\/auteldronesbaltic.com\/lv\/autel-evo-lite-un-aksesuari\/autel-evo-lite-akumulators\/","title":{"rendered":"Autel EVO Lite Akumulators"},"content":{"rendered":"<p><span style=\"font-weight: 400;\">EVO Lite \u0101tri nomain\u0101mais 6175 mAh, 11,13 V litija polim\u0113ru akumulators pied\u0101v\u0101 40 min\u016b\u0161u lidojuma laiku. Akumulators ir pieejams Autel Orange un Deep Space Grey kr\u0101s\u0101s, lai tas atbilstu j\u016bsu Lite dronam.<\/span><\/p>\n","protected":false},"excerpt":{"rendered":"<p>EVO Lite \u0101tri nomain\u0101mais 6175 mAh, 11,13 V litija polim\u0113ru akumulators pied\u0101v\u0101 40 min\u016b\u0161u lidojuma laiku. Akumulators ir pieejams Autel Orange un Deep Space Grey kr\u0101s\u0101s, lai tas atbilstu j\u016bsu Lite dronam.<\/p>\n","protected":false},"featured_media":1255,"template":"","meta":{"_gspb_post_css":""},"product_brand":[],"product_cat":[134,151],"product_tag":[],"class_list":{"0":"post-3358","1":"product","2":"type-product","3":"status-publish","4":"has-post-thumbnail","6":"product_cat-autel-evo-lite-un-aksesuari","7":"product_cat-piederumi","9":"first","10":"instock","11":"sale","12":"taxable","13":"shipping-taxable","14":"purchasable","15":"product-type-simple"},"_links":{"self":[{"href":"https:\/\/auteldronesbaltic.com\/lv\/wp-json\/wp\/v2\/product\/3358","targetHints":{"allow":["GET"]}}],"collection":[{"href":"https:\/\/auteldronesbaltic.com\/lv\/wp-json\/wp\/v2\/product"}],"about":[{"href":"https:\/\/auteldronesbaltic.com\/lv\/wp-json\/wp\/v2\/types\/product"}],"wp:featuredmedia":[{"embeddable":true,"href":"https:\/\/auteldronesbaltic.com\/lv\/wp-json\/wp\/v2\/media\/1255"}],"wp:attachment":[{"href":"https:\/\/auteldronesbaltic.com\/lv\/wp-json\/wp\/v2\/media?parent=3358"}],"wp:term":[{"taxonomy":"product_brand","embeddable":true,"href":"https:\/\/auteldronesbaltic.com\/lv\/wp-json\/wp\/v2\/product_brand?post=3358"},{"taxonomy":"product_cat","embeddable":true,"href":"https:\/\/auteldronesbaltic.com\/lv\/wp-json\/wp\/v2\/product_cat?post=3358"},{"taxonomy":"product_tag","embeddable":true,"href":"https:\/\/auteldronesbaltic.com\/lv\/wp-json\/wp\/v2\/product_tag?post=3358"}],"curies":[{"name":"wp","href":"https:\/\/api.w.org\/{rel}","templated":true}]}}