{"id":3374,"date":"2022-04-27T15:35:56","date_gmt":"2022-04-27T12:35:56","guid":{"rendered":"https:\/\/auteldronesbaltic.com\/uncategorized\/autel-robotics-care-evo-ii-pro\/"},"modified":"2025-10-03T15:53:24","modified_gmt":"2025-10-03T12:53:24","slug":"autel-robotics-care-evo-ii-pro","status":"publish","type":"product","link":"https:\/\/auteldronesbaltic.com\/lv\/autel-evo-ii-pro-un-aksesuari\/autel-robotics-care-evo-ii-pro\/","title":{"rendered":"Autel Robotics Care &#8211; EVO II Pro"},"content":{"rendered":"<p><span style=\"font-weight: 400;\">Jebkur\u0161 EVO II, EVO II Pro, EVO Nano un Lite s\u0113rijas klients var ieg\u0101d\u0101ties Autel Robotics Care, ja vien ir sp\u0113k\u0101 viena gada garantijas periods.<\/span><\/p>\n<p>&nbsp;<\/p>\n<p><span style=\"font-weight: 400;\">Klientiem ir j\u0101atbilst ar\u012b vienam no \u0161iem nosac\u012bjumiem, lai tie var\u0113tu sa\u0146emt Autel Robotics Care:<\/span><\/p>\n<p>&nbsp;<\/p>\n<p><span style=\"font-weight: 400;\">J\u0101b\u016bt lidma\u0161\u012bnai, kas nekad nav atv\u0113rta<\/span><\/p>\n<p><span style=\"font-weight: 400;\">J\u0101b\u016bt lidma\u0161\u012bnai, kas ir aktiviz\u0113ta 48 stundu laik\u0101 p\u0113c m\u0113\u0123in\u0101juma ieg\u0101d\u0101ties Autel Care<\/span><\/p>\n<p><span style=\"font-weight: 400;\">Ja k\u0101ds no iepriek\u0161 min\u0113tajiem gad\u012bjumiem nav piem\u0113rojams, klientiem ir j\u0101nos\u016bta savs produkts m\u016bsu remontdarbu grupai, lai veiktu darb\u012bbas nov\u0113rt\u0113jumu<\/span><\/p>\n<p><span style=\"font-weight: 400;\">Atjaunot\u0101s vien\u012bbas nav piem\u0113rotas Autel Care<\/span><\/p>\n<p><span style=\"font-weight: 400;\">P\u0113c Autel Care ieg\u0101des jums ir j\u0101p\u0101rbauda un j\u0101aktiviz\u0113 j\u016bsu lidma\u0161\u012bna m\u016bsu vietn\u0113. L\u016bdzu, noklik\u0161\u0137iniet \u0161eit, lai aktiviz\u0113tu.<\/span><\/p>\n","protected":false},"excerpt":{"rendered":"<p><span style=\"font-weight: 400;\">\u0100trie remonta un nomai\u0146as pakalpojumi<\/span><\/p>\n<p><span style=\"font-weight: 400;\">Sa\u0146emiet divus aizvieto\u0161anas pakalpojumus gad\u0101<\/span><\/p>\n<p><span style=\"font-weight: 400;\">segums \u016bdens rad\u012btajiem boj\u0101jumiem<\/span><\/p>\n","protected":false},"featured_media":1368,"template":"","meta":{"_gspb_post_css":""},"product_brand":[],"product_cat":[133,151],"product_tag":[],"class_list":{"0":"post-3374","1":"product","2":"type-product","3":"status-publish","4":"has-post-thumbnail","6":"product_cat-autel-evo-ii-pro-un-aksesuari","7":"product_cat-piederumi","9":"first","10":"outofstock","11":"taxable","12":"shipping-taxable","13":"purchasable","14":"product-type-simple"},"_links":{"self":[{"href":"https:\/\/auteldronesbaltic.com\/lv\/wp-json\/wp\/v2\/product\/3374","targetHints":{"allow":["GET"]}}],"collection":[{"href":"https:\/\/auteldronesbaltic.com\/lv\/wp-json\/wp\/v2\/product"}],"about":[{"href":"https:\/\/auteldronesbaltic.com\/lv\/wp-json\/wp\/v2\/types\/product"}],"wp:featuredmedia":[{"embeddable":true,"href":"https:\/\/auteldronesbaltic.com\/lv\/wp-json\/wp\/v2\/media\/1368"}],"wp:attachment":[{"href":"https:\/\/auteldronesbaltic.com\/lv\/wp-json\/wp\/v2\/media?parent=3374"}],"wp:term":[{"taxonomy":"product_brand","embeddable":true,"href":"https:\/\/auteldronesbaltic.com\/lv\/wp-json\/wp\/v2\/product_brand?post=3374"},{"taxonomy":"product_cat","embeddable":true,"href":"https:\/\/auteldronesbaltic.com\/lv\/wp-json\/wp\/v2\/product_cat?post=3374"},{"taxonomy":"product_tag","embeddable":true,"href":"https:\/\/auteldronesbaltic.com\/lv\/wp-json\/wp\/v2\/product_tag?post=3374"}],"curies":[{"name":"wp","href":"https:\/\/api.w.org\/{rel}","templated":true}]}}