{"id":3382,"date":"2022-04-27T15:11:12","date_gmt":"2022-04-27T12:11:12","guid":{"rendered":"https:\/\/auteldronesbaltic.com\/uncategorized\/autel-evo-nano-on-the-go-bundle\/"},"modified":"2025-05-02T10:33:03","modified_gmt":"2025-05-02T07:33:03","slug":"autel-evo-nano-on-the-go-bundle","status":"publish","type":"product","link":"https:\/\/auteldronesbaltic.com\/lv\/autel-evo-nano-un-aksesuari\/autel-evo-nano-on-the-go-bundle\/","title":{"rendered":"Autel EVO Nano+ On the Go Bundle"},"content":{"rendered":"<p><span style=\"font-weight: 400;\">Komplekt\u0101 EVO Nano On the Go ir plecu soma, vair\u0101ki l\u0101d\u0113t\u0101ji, 2 rezerves akumulatori, 2 dzenskr\u016bvju p\u0101ri, dzenskr\u016bves tur\u0113t\u0101js, str\u0101vas adapteris un papildu skr\u016bvju komplekts. Viss, kas jums nepiecie\u0161ams, lai j\u016bsu Nano dotos n\u0101kamaj\u0101 piedz\u012bvojum\u0101.<\/span><\/p>\n","protected":false},"excerpt":{"rendered":"<p>Komplekt\u0101 EVO Nano On the Go ir plecu soma, vair\u0101ki l\u0101d\u0113t\u0101ji, 2 rezerves akumulatori, 2 dzenskr\u016bvju p\u0101ri, dzenskr\u016bves tur\u0113t\u0101js, str\u0101vas adapteris un papildu skr\u016bvju komplekts. Viss, kas jums nepiecie\u0161ams, lai j\u016bsu Nano dotos n\u0101kamaj\u0101 piedz\u012bvojum\u0101.<\/p>\n","protected":false},"featured_media":1355,"template":"","meta":{"_gspb_post_css":""},"product_brand":[],"product_cat":[135,151],"product_tag":[],"class_list":{"0":"post-3382","1":"product","2":"type-product","3":"status-publish","4":"has-post-thumbnail","6":"product_cat-autel-evo-nano-un-aksesuari","7":"product_cat-piederumi","9":"first","10":"instock","11":"sale","12":"taxable","13":"shipping-taxable","14":"purchasable","15":"product-type-variable","16":"has-default-attributes"},"_links":{"self":[{"href":"https:\/\/auteldronesbaltic.com\/lv\/wp-json\/wp\/v2\/product\/3382","targetHints":{"allow":["GET"]}}],"collection":[{"href":"https:\/\/auteldronesbaltic.com\/lv\/wp-json\/wp\/v2\/product"}],"about":[{"href":"https:\/\/auteldronesbaltic.com\/lv\/wp-json\/wp\/v2\/types\/product"}],"wp:featuredmedia":[{"embeddable":true,"href":"https:\/\/auteldronesbaltic.com\/lv\/wp-json\/wp\/v2\/media\/1355"}],"wp:attachment":[{"href":"https:\/\/auteldronesbaltic.com\/lv\/wp-json\/wp\/v2\/media?parent=3382"}],"wp:term":[{"taxonomy":"product_brand","embeddable":true,"href":"https:\/\/auteldronesbaltic.com\/lv\/wp-json\/wp\/v2\/product_brand?post=3382"},{"taxonomy":"product_cat","embeddable":true,"href":"https:\/\/auteldronesbaltic.com\/lv\/wp-json\/wp\/v2\/product_cat?post=3382"},{"taxonomy":"product_tag","embeddable":true,"href":"https:\/\/auteldronesbaltic.com\/lv\/wp-json\/wp\/v2\/product_tag?post=3382"}],"curies":[{"name":"wp","href":"https:\/\/api.w.org\/{rel}","templated":true}]}}