{"id":3402,"date":"2022-04-27T14:51:06","date_gmt":"2022-04-27T11:51:06","guid":{"rendered":"https:\/\/auteldronesbaltic.com\/uncategorized\/autel-evo-lite-on-the-go-bundle\/"},"modified":"2025-04-21T15:14:43","modified_gmt":"2025-04-21T12:14:43","slug":"autel-evo-lite-on-the-go-bundle","status":"publish","type":"product","link":"https:\/\/auteldronesbaltic.com\/lv\/autel-evo-lite-un-aksesuari\/autel-evo-lite-on-the-go-bundle\/","title":{"rendered":"Autel EVO Lite+ On the Go Bundle"},"content":{"rendered":"<p><span style=\"font-weight: 400;\">Komplekt\u0101 EVO Lite On the Go ir plecu soma, vair\u0101ki l\u0101d\u0113t\u0101ji, 2 rezerves akumulatori, 2 dzenskr\u016bvju p\u0101ri un ND filtru komplekts. Viss, kas nepiecie\u0161ams, lai maksim\u0101li izmantotu savu jauno Lite+ dronu.<\/span><\/p>\n","protected":false},"excerpt":{"rendered":"<p>Komplekt\u0101 EVO Lite On the Go ir plecu soma, vair\u0101ki l\u0101d\u0113t\u0101ji, 2 rezerves akumulatori, 2 dzenskr\u016bvju p\u0101ri un ND filtru komplekts. Viss, kas nepiecie\u0161ams, lai maksim\u0101li izmantotu savu jauno Lite+ dronu.<\/p>\n","protected":false},"featured_media":1316,"template":"","meta":{"_gspb_post_css":""},"product_brand":[],"product_cat":[134,151],"product_tag":[],"class_list":{"0":"post-3402","1":"product","2":"type-product","3":"status-publish","4":"has-post-thumbnail","6":"product_cat-autel-evo-lite-un-aksesuari","7":"product_cat-piederumi","9":"first","10":"instock","11":"sale","12":"taxable","13":"shipping-taxable","14":"purchasable","15":"product-type-variable"},"_links":{"self":[{"href":"https:\/\/auteldronesbaltic.com\/lv\/wp-json\/wp\/v2\/product\/3402","targetHints":{"allow":["GET"]}}],"collection":[{"href":"https:\/\/auteldronesbaltic.com\/lv\/wp-json\/wp\/v2\/product"}],"about":[{"href":"https:\/\/auteldronesbaltic.com\/lv\/wp-json\/wp\/v2\/types\/product"}],"wp:featuredmedia":[{"embeddable":true,"href":"https:\/\/auteldronesbaltic.com\/lv\/wp-json\/wp\/v2\/media\/1316"}],"wp:attachment":[{"href":"https:\/\/auteldronesbaltic.com\/lv\/wp-json\/wp\/v2\/media?parent=3402"}],"wp:term":[{"taxonomy":"product_brand","embeddable":true,"href":"https:\/\/auteldronesbaltic.com\/lv\/wp-json\/wp\/v2\/product_brand?post=3402"},{"taxonomy":"product_cat","embeddable":true,"href":"https:\/\/auteldronesbaltic.com\/lv\/wp-json\/wp\/v2\/product_cat?post=3402"},{"taxonomy":"product_tag","embeddable":true,"href":"https:\/\/auteldronesbaltic.com\/lv\/wp-json\/wp\/v2\/product_tag?post=3402"}],"curies":[{"name":"wp","href":"https:\/\/api.w.org\/{rel}","templated":true}]}}