{"id":3418,"date":"2022-04-27T14:16:07","date_gmt":"2022-04-27T11:16:07","guid":{"rendered":"https:\/\/auteldronesbaltic.com\/uncategorized\/autel-evo-nano-vairaku-ladetaju\/"},"modified":"2025-04-21T15:22:31","modified_gmt":"2025-04-21T12:22:31","slug":"autel-evo-nano-vairaku-ladetaju","status":"publish","type":"product","link":"https:\/\/auteldronesbaltic.com\/lv\/autel-evo-nano-un-aksesuari\/autel-evo-nano-vairaku-ladetaju\/","title":{"rendered":"Autel EVO Nano Vair\u0101ku l\u0101d\u0113t\u0101ju"},"content":{"rendered":"<p><span style=\"font-weight: 400;\">Kompakt\u0101 sloksne var uzl\u0101d\u0113t l\u012bdz trim Nano baterij\u0101m. Savieno ar str\u0101vas adapteri, izmantojot USB-C kabeli.<\/span><\/p>\n","protected":false},"excerpt":{"rendered":"<p>Kompakt\u0101 sloksne var uzl\u0101d\u0113t l\u012bdz trim Nano baterij\u0101m. Savieno ar str\u0101vas adapteri, izmantojot USB-C kabeli.<\/p>\n","protected":false},"featured_media":1178,"template":"","meta":{"_gspb_post_css":""},"product_brand":[],"product_cat":[135,151],"product_tag":[],"class_list":{"0":"post-3418","1":"product","2":"type-product","3":"status-publish","4":"has-post-thumbnail","6":"product_cat-autel-evo-nano-un-aksesuari","7":"product_cat-piederumi","9":"first","10":"instock","11":"sale","12":"taxable","13":"shipping-taxable","14":"purchasable","15":"product-type-simple"},"_links":{"self":[{"href":"https:\/\/auteldronesbaltic.com\/lv\/wp-json\/wp\/v2\/product\/3418","targetHints":{"allow":["GET"]}}],"collection":[{"href":"https:\/\/auteldronesbaltic.com\/lv\/wp-json\/wp\/v2\/product"}],"about":[{"href":"https:\/\/auteldronesbaltic.com\/lv\/wp-json\/wp\/v2\/types\/product"}],"wp:featuredmedia":[{"embeddable":true,"href":"https:\/\/auteldronesbaltic.com\/lv\/wp-json\/wp\/v2\/media\/1178"}],"wp:attachment":[{"href":"https:\/\/auteldronesbaltic.com\/lv\/wp-json\/wp\/v2\/media?parent=3418"}],"wp:term":[{"taxonomy":"product_brand","embeddable":true,"href":"https:\/\/auteldronesbaltic.com\/lv\/wp-json\/wp\/v2\/product_brand?post=3418"},{"taxonomy":"product_cat","embeddable":true,"href":"https:\/\/auteldronesbaltic.com\/lv\/wp-json\/wp\/v2\/product_cat?post=3418"},{"taxonomy":"product_tag","embeddable":true,"href":"https:\/\/auteldronesbaltic.com\/lv\/wp-json\/wp\/v2\/product_tag?post=3418"}],"curies":[{"name":"wp","href":"https:\/\/api.w.org\/{rel}","templated":true}]}}