{"id":3426,"date":"2022-04-02T21:22:46","date_gmt":"2022-04-02T18:22:46","guid":{"rendered":"https:\/\/auteldronesbaltic.com\/uncategorized\/autel-evo-nano-standard-bundle\/"},"modified":"2023-10-31T23:01:04","modified_gmt":"2023-10-31T21:01:04","slug":"autel-evo-nano-standard-bundle","status":"publish","type":"product","link":"https:\/\/auteldronesbaltic.com\/lv\/autel-evo-nano-lv\/autel-evo-nano-standard-bundle\/","title":{"rendered":"Autel EVO Nano+ Standard Bundle"},"content":{"rendered":"<p><strong>1\/1,28 collu CMOS<\/strong><\/p>\n<p><span style=\"font-weight: 400;\">EVO Nano+ ir apr\u012bkots ar 1\/1,28 collu (0,8 collu) CMOS sensoru, kas sp\u0113j uz\u0146emt 50 MP fotoatt\u0113lus. RYYB kr\u0101su filtru mas\u012bva dizains ar lielu f\/1,9 diafragmas atv\u0113rumu pied\u0101v\u0101 izcilas trok\u0161\u0146u samazin\u0101\u0161anas iesp\u0113jas un jaudu, lai bez piep\u016bles rad\u012btu kvalitat\u012bvus att\u0113lus v\u0101ja apgaismojuma apst\u0101k\u013cos. Izsekojiet \u0101tri kust\u012bgus objektus ar neticamu precizit\u0101ti, izmantojot PDAF + CDAF autofokusa sist\u0113mu; Izspiediet bag\u0101t\u012bgas deta\u013cas no \u0113n\u0101m un gai\u0161ajiem objektiem neatkar\u012bgi no t\u0101, cik ekstr\u0113mi ir apgaismojuma apst\u0101k\u013ci, izmantojot HDR re\u017e\u012bmu, kas \u0101tri uz\u0146em vair\u0101kus fotoatt\u0113lus ar da\u017e\u0101du ekspoz\u012bciju, lai p\u0113capstr\u0101des laik\u0101 tos var\u0113tu savienot kop\u0101.<\/span><\/p>\n<p><strong>HDR: tum\u0161\u0101kas \u0113nas. Spilgt\u0101ki izc\u0113lumi.<\/strong><\/p>\n<p><span style=\"font-weight: 400;\">Ja ir iesl\u0113gts HDR, Nano un Nano+ uz\u0146ems vair\u0101kus fotoatt\u0113lus ar da\u017e\u0101du ekspoz\u012bciju un autom\u0101tiski savienos tos kop\u0101, t\u0101d\u0113j\u0101di ieg\u016bstot fotoatt\u0113lu ar liel\u0101ku kontrastu un dinamisko diapazonu.<\/span><\/p>\n<p><strong>Superviegls. Ultrakompakts.<\/strong><\/p>\n<p><span style=\"font-weight: 400;\">Tikai 249 grami EVO Nano un Nano+ sver aptuveni tikpat daudz k\u0101 viedt\u0101lrunis, un tie ir ietilpti gandr\u012bz jebkur \u2014 no p\u0101rg\u0101jienu komplekta s\u0101nu kabatas l\u012bdz plaukstai.<\/span><\/p>\n<p><strong>SkyPortrait: j\u016bsu person\u012bgais paparaci<\/strong><\/p>\n<p><span style=\"font-weight: 400;\">Nospie\u017eot vienu pogu, Nano pacelsies gais\u0101 un uz\u0146ems j\u016bsu un j\u016bsu draugu fotoatt\u0113lu, autom\u0101tiski noregul\u0113jot objekt\u012bvu, lai neviens nepaliktu mal\u0101. Autom\u0101tiski aizmiglojiet fonu, lai ieg\u016btu papildu kinematogr\u0101fisku efektu, vai dramatiski atkl\u0101jiet savu episko galam\u0113r\u0137i \u2014 neatkar\u012bgi no t\u0101, vai t\u0101 ir kalna virsotne vai j\u016bsu pagalms<\/span><\/p>\n<p><strong>Dynamic Track 2.1: galven\u0101 t\u0113mas izseko\u0161ana<\/strong><\/p>\n<p><span style=\"font-weight: 400;\">Piesakiet savu Nano, lai t\u0101 autom\u0101tiski sekotu jebkurai personai, dz\u012bvniekam vai transportl\u012bdzeklim, lai j\u016bs var\u0113tu koncentr\u0113ties uz sav\u0101m aktivit\u0101t\u0113m, kam\u0113r j\u016bsu Nano tiek gal\u0101 ar kinematogr\u0101fisko pusi.<\/span><\/p>\n<p><strong>Kino kadru prasme ar vienu klik\u0161\u0137i<\/strong><\/p>\n<p><span style=\"font-weight: 400;\">Izveidojiet dramatiskus, profesion\u0101la l\u012bme\u0146a kadrus, nospie\u017eot pogu ar \u010detriem autom\u0101tiskajiem fotograf\u0113\u0161anas re\u017e\u012bmiem. Pievienojiet ska\u0146u celi\u0146u un filtrus lietotn\u0113 Autel Sky, lai padar\u012btu savu videoklipu v\u0113l episk\u0101ku, \u013caujot jums rad\u012bt neaizmirstamus rezult\u0101tus neatkar\u012bgi no t\u0101, vai esat pilots veter\u0101ns vai piln\u012bgi ies\u0101c\u0113js dronu sp\u0113l\u0113.<\/span><\/p>\n<p><strong>MovieMaster:<\/strong><\/p>\n<p><strong>Vienk\u0101r\u0161a filmu veido\u0161ana un kop\u012bgo\u0161ana<\/strong><\/p>\n<p><span style=\"font-weight: 400;\">Lietojumprogramma Autel Sky nodro\u0161ina video veid\u0146u komplektu \u0101trai un vienk\u0101r\u0161ai filmu veido\u0161anai, \u013caujot jums krasi samazin\u0101t nogurdino\u0161o redi\u0123\u0113\u0161anas procesu, lai j\u016bs var\u0113tu izveidot kop\u012bgot savus darbus uz vietas!<\/span><\/p>\n<p><strong>SkyLink video p\u0101rraide<\/strong><\/p>\n<p><span style=\"font-weight: 400;\">Lido bez maksas \u2014 liel\u0101ks darb\u012bbas r\u0101diuss, maz\u0101k trauc\u0113jumu<\/span><\/p>\n<p><span style=\"font-weight: 400;\">Lidojiet t\u0101l\u0101k, vienlaikus saglab\u0101jot izteiksm\u012bgus, skaidrus vizu\u0101los att\u0113lus ar visu jauno Autel SkyLink, m\u016bsu l\u012bdz \u0161im sp\u0113c\u012bg\u0101ko att\u0113lu p\u0101rraides sist\u0113mu, kas pied\u0101v\u0101 p\u0101rraides diapazonu 6,2 j\u016bdzes, p\u0101rraides kvalit\u0101ti 2,7 K\/30 FPS un izcilas prettrauc\u0113jumu iesp\u0113jas, vienlaikus p\u0101rraidot satrieco\u0161u. QHD video.<\/span><\/p>\n<p><strong>SuperDownload<\/strong><\/p>\n<p><span style=\"font-weight: 400;\">Vai esat pabeidzis \u0161au\u0161anu? Vienk\u0101r\u0161i novietojiet savu viedt\u0101lruni tuvu Lite, lai lejupiel\u0101d\u0113tu fotoatt\u0113lus un videoklipus ar \u0101trumu 160Mbps (20MB\/s), izmantojot lietotni Autel Sky.<\/span><\/p>\n<p><strong>SoundRecord: atdz\u012bviniet savus videoklipus<\/strong><\/p>\n<p><span style=\"font-weight: 400;\">Ierakstiet balsis un apk\u0101rt\u0113j\u0101s ska\u0146as uz zemes, izmantojot viedt\u0101lruni, \u013caujot atdz\u012bvin\u0101t savus videoklipus pat tad, kad drons atrodas t\u0101lu, vai izmantot to st\u0101st\u012b\u0161anai film\u0113\u0161anas laik\u0101, lai uzlabotu darbpl\u016bsmu.<\/span><\/p>\n<p><strong>Lidojiet dro\u0161i, izmantojot uzlaboto \u0161\u0137\u0113r\u0161\u013cu nov\u0113r\u0161anu<\/strong><\/p>\n<p><span style=\"font-weight: 400;\">EVO Nano s\u0113rija ir pirm\u0101 un vien\u012bg\u0101 \u0161\u0101da izm\u0113ra lidma\u0161\u012bnu s\u0113rija, kas pied\u0101v\u0101 modernu \u0161\u0137\u0113r\u0161\u013cu izvair\u012b\u0161an\u0101s sist\u0113mu, padarot to par ac\u012bmredzamu izv\u0113li lietot\u0101jiem, kuri v\u0113las izvair\u012bties no av\u0101rij\u0101m un saglab\u0101t savu lidapar\u0101tu kalpo\u0161anas laiku. Ar tr\u012bsvirzienu binokul\u0101r\u0101s redzes sensoriem, kas \u013cauj dronam uztvert \u0161\u0137\u0113r\u0161\u013cus t\u0101 priek\u0161\u0101, aiz t\u0101 un zem t\u0101. EVO Nano s\u0113rija var viegli bremz\u0113t, lai izvair\u012btos no sadursm\u0113m un p\u0101rvietotos \u0161\u0137\u0113r\u0161\u013cos.<\/span><\/p>\n<p><strong>Vair\u0101k akumulatora. Vair\u0101k laika. Vair\u0101k rado\u0161uma.<\/strong><\/p>\n<p><span style=\"font-weight: 400;\">EVO Nano var nep\u0101rtraukti lidot 28 min\u016btes, kas noz\u012bm\u0113 daudz laika, lai eksperiment\u0113tu ar rado\u0161iem le\u0146\u0137iem un rad\u012btu izgudrojo\u0161us kadrus.<\/span><\/p>\n","protected":false},"excerpt":{"rendered":"<p>1\/1,28 collu CMOS EVO Nano+ ir apr\u012bkots ar 1\/1,28 collu (0,8 collu) CMOS sensoru, kas sp\u0113j uz\u0146emt 50 MP fotoatt\u0113lus. RYYB kr\u0101su filtru mas\u012bva dizains ar lielu f\/1,9 diafragmas atv\u0113rumu pied\u0101v\u0101 izcilas trok\u0161\u0146u samazin\u0101\u0161anas iesp\u0113jas un jaudu, lai bez piep\u016bles rad\u012btu kvalitat\u012bvus att\u0113lus v\u0101ja apgaismojuma apst\u0101k\u013cos. Izsekojiet \u0101tri kust\u012bgus objektus ar neticamu precizit\u0101ti, izmantojot PDAF [&hellip;]<\/p>\n","protected":false},"featured_media":491,"template":"","meta":{"_gspb_post_css":""},"product_brand":[],"product_cat":[109,135,125],"product_tag":[],"class_list":{"0":"post-3426","1":"product","2":"type-product","3":"status-publish","4":"has-post-thumbnail","6":"product_cat-autel-evo-nano-lv","7":"product_cat-autel-evo-nano-un-aksesuari","8":"product_cat-droni","10":"first","11":"outofstock","12":"taxable","13":"shipping-taxable","14":"purchasable","15":"product-type-variable","16":"has-default-attributes"},"_links":{"self":[{"href":"https:\/\/auteldronesbaltic.com\/lv\/wp-json\/wp\/v2\/product\/3426","targetHints":{"allow":["GET"]}}],"collection":[{"href":"https:\/\/auteldronesbaltic.com\/lv\/wp-json\/wp\/v2\/product"}],"about":[{"href":"https:\/\/auteldronesbaltic.com\/lv\/wp-json\/wp\/v2\/types\/product"}],"wp:featuredmedia":[{"embeddable":true,"href":"https:\/\/auteldronesbaltic.com\/lv\/wp-json\/wp\/v2\/media\/491"}],"wp:attachment":[{"href":"https:\/\/auteldronesbaltic.com\/lv\/wp-json\/wp\/v2\/media?parent=3426"}],"wp:term":[{"taxonomy":"product_brand","embeddable":true,"href":"https:\/\/auteldronesbaltic.com\/lv\/wp-json\/wp\/v2\/product_brand?post=3426"},{"taxonomy":"product_cat","embeddable":true,"href":"https:\/\/auteldronesbaltic.com\/lv\/wp-json\/wp\/v2\/product_cat?post=3426"},{"taxonomy":"product_tag","embeddable":true,"href":"https:\/\/auteldronesbaltic.com\/lv\/wp-json\/wp\/v2\/product_tag?post=3426"}],"curies":[{"name":"wp","href":"https:\/\/api.w.org\/{rel}","templated":true}]}}