{"id":3446,"date":"2022-04-06T23:56:02","date_gmt":"2022-04-06T20:56:02","guid":{"rendered":"https:\/\/auteldronesbaltic.com\/uncategorized\/autel-evo-lite-standard-bundle\/"},"modified":"2023-10-31T23:01:04","modified_gmt":"2023-10-31T21:01:04","slug":"autel-evo-lite-standard-bundle","status":"publish","type":"product","link":"https:\/\/auteldronesbaltic.com\/lv\/autel-evo-lite-lv\/autel-evo-lite-standard-bundle\/","title":{"rendered":"Autel EVO Lite+ Standard Bundle"},"content":{"rendered":"<p>EVO Lite ir pirmais drons pasaul\u0113, kas ieviesis \u010detru asu kard\u0101na dizainu, kas \u013cauj uz\u0146emt vertik\u0101lus videoklipus, lai tos var\u0113tu viegli redi\u0123\u0113t un kop\u012bgot mobilaj\u0101s ier\u012bc\u0113s.\u00a0<span class=\"goog-text-highlight\">Izbaudiet jaunu att\u0113la kvalit\u0101tes l\u012bmeni, pateicoties \u012bpa\u0161i jut\u012bgai 50\u00a0MP kamerai, kas apr\u012bkota ar 1\/1,28\u00a0collu CMOS sensoru.\u00a0<\/span>ar Autel SkyLink, m\u016bsu l\u012bdz \u0161im sp\u0113c\u012bg\u0101ko att\u0113lu p\u0101rraides sist\u0113mu, kas pied\u0101v\u0101 p\u0101rraides diapazonu 7,4\u00a0j\u016bdzes un p\u0101rraides kvalit\u0101ti 2,7\u00a0K \/ 30\u00a0FPS.<\/p>\n<p>Piesakiet savu Lite, lai t\u0101 autom\u0101tiski sekotu jebkurai personai, dz\u012bvniekam vai transportl\u012bdzeklim, lai j\u016bs var\u0113tu koncentr\u0113ties uz sav\u0101m darb\u012bb\u0101m, kam\u0113r Lite apstr\u0101d\u0101 kinematogr\u0101fisko pusi.<\/p>\n<p>Lidojiet \u0101tr\u0101k, dro\u0161\u0101k un p\u0101rliecino\u0161\u0101k nek\u0101 jebkad agr\u0101k ar Autel jaunaj\u0101m \u012bpa\u0161i platle\u0146\u0137a \u0161\u0137\u0113r\u0161\u013cu nov\u0113r\u0161anas kamer\u0101m.\u00a0Sensori nodro\u0161ina EVO Lite priek\u0161\u0113jo skata lauku 150 gr\u0101du le\u0146\u0137\u012b, nov\u0113r\u0161ot vair\u0101k aklo zonu nek\u0101 tradicion\u0101l\u0101s sist\u0113mas, vienlaikus samazinot nepiecie\u0161amo kameru skaitu.<\/p>\n","protected":false},"excerpt":{"rendered":"<p>EVO Lite ir pirmais drons pasaul\u0113, kas ieviesis \u010detru asu kard\u0101na dizainu, kas \u013cauj uz\u0146emt vertik\u0101lus videoklipus, lai tos var\u0113tu viegli redi\u0123\u0113t un kop\u012bgot mobilaj\u0101s ier\u012bc\u0113s.\u00a0Izbaudiet jaunu att\u0113la kvalit\u0101tes l\u012bmeni, pateicoties \u012bpa\u0161i jut\u012bgai 50\u00a0MP kamerai, kas apr\u012bkota ar 1\/1,28\u00a0collu CMOS sensoru.\u00a0ar Autel SkyLink, m\u016bsu l\u012bdz \u0161im sp\u0113c\u012bg\u0101ko att\u0113lu p\u0101rraides sist\u0113mu, kas pied\u0101v\u0101 p\u0101rraides diapazonu 7,4\u00a0j\u016bdzes [&hellip;]<\/p>\n","protected":false},"featured_media":667,"template":"","meta":{"_gspb_post_css":""},"product_brand":[],"product_cat":[99,134,125],"product_tag":[],"class_list":{"0":"post-3446","1":"product","2":"type-product","3":"status-publish","4":"has-post-thumbnail","6":"product_cat-autel-evo-lite-lv","7":"product_cat-autel-evo-lite-un-aksesuari","8":"product_cat-droni","10":"first","11":"outofstock","12":"taxable","13":"shipping-taxable","14":"purchasable","15":"product-type-variable","16":"has-default-attributes"},"_links":{"self":[{"href":"https:\/\/auteldronesbaltic.com\/lv\/wp-json\/wp\/v2\/product\/3446","targetHints":{"allow":["GET"]}}],"collection":[{"href":"https:\/\/auteldronesbaltic.com\/lv\/wp-json\/wp\/v2\/product"}],"about":[{"href":"https:\/\/auteldronesbaltic.com\/lv\/wp-json\/wp\/v2\/types\/product"}],"wp:featuredmedia":[{"embeddable":true,"href":"https:\/\/auteldronesbaltic.com\/lv\/wp-json\/wp\/v2\/media\/667"}],"wp:attachment":[{"href":"https:\/\/auteldronesbaltic.com\/lv\/wp-json\/wp\/v2\/media?parent=3446"}],"wp:term":[{"taxonomy":"product_brand","embeddable":true,"href":"https:\/\/auteldronesbaltic.com\/lv\/wp-json\/wp\/v2\/product_brand?post=3446"},{"taxonomy":"product_cat","embeddable":true,"href":"https:\/\/auteldronesbaltic.com\/lv\/wp-json\/wp\/v2\/product_cat?post=3446"},{"taxonomy":"product_tag","embeddable":true,"href":"https:\/\/auteldronesbaltic.com\/lv\/wp-json\/wp\/v2\/product_tag?post=3446"}],"curies":[{"name":"wp","href":"https:\/\/api.w.org\/{rel}","templated":true}]}}