{"id":3466,"date":"2022-04-16T18:28:03","date_gmt":"2022-04-16T15:28:03","guid":{"rendered":"https:\/\/auteldronesbaltic.com\/uncategorized\/autel-evo-ii-pro-rtk-rugged-bundle\/"},"modified":"2025-04-21T13:57:22","modified_gmt":"2025-04-21T10:57:22","slug":"evo-ii-pro-rtk-v3","status":"publish","type":"product","link":"https:\/\/auteldronesbaltic.com\/lv\/evo-ii-enterprise-series-lv\/evo-ii-pro-rtk-v3\/","title":{"rendered":"EVO II Pro RTK V3"},"content":{"rendered":"<p><span style=\"font-weight: 400;\"><strong>Pozicion\u0113\u0161ana centimetru l\u012bmen\u012b<\/strong><br \/>\n<\/span><span style=\"font-weight: 400;\">EVO II RTK Series V3 ir integr\u0113ts piln\u012bgi jauns RTK modulis 2022. gadam, kas nodro\u0161ina re\u0101llaika centimetru l\u012bme\u0146a pozicion\u0113\u0161anas datus tr\u012bs min\u016bt\u0113s un atbalsta p\u0113capstr\u0101des kinem\u0101tiku (PPK). Lidma\u0161\u012bna var ierakst\u012bt ori\u0123in\u0101los satel\u012btnov\u0113ro\u0161anas datus, kameras ekspoz\u012bcijas parametrus un daudz ko citu. Pozicion\u0113\u0161anas sist\u0113ma atbalsta RTK b\u0101zes staciju un NTRIP RTK t\u012bklu, kas pal\u012bdz pan\u0101kt prec\u012bzu un stabilu datu ieguvi sare\u017e\u0123\u012bt\u0101s darb\u012bbas vid\u0113s.<\/span><\/p>\n<p><span style=\"font-weight: 400;\">RTK horizont\u0101l\u0101s pozicion\u0113\u0161anas precizit\u0101te: 1cm+1ppm<br \/>\n<\/span><span style=\"font-weight: 400;\">RTK vertik\u0101l\u0101s pozicion\u0113\u0161anas precizit\u0101te: 1.5cm+1ppm<\/span><\/p>\n<p><span style=\"font-weight: 400;\"><strong>Nav nepiecie\u0161ams GSP<\/strong><br \/>\n<\/span><span style=\"font-weight: 400;\">EVO II RTK Series V3 savienojas ar NTRIP t\u012bklu un nav nepiecie\u0161ami GCP, lai nodro\u0161in\u0101tu centimetru precizit\u0101ti.<\/span><\/p>\n<p><span style=\"font-weight: 400;\"><strong>Tre\u0161\u0101s puses b\u0101zes stacijas atbalsts<\/strong><br \/>\n<\/span><span style=\"font-weight: 400;\">EVO II RTK Series V3 atbalsta visas ar NTRIP sader\u012bg\u0101s b\u0101zes stacijas.<\/span><\/p>\n<p><strong>Autel Explorer kart\u0113\u0161anai<\/strong><\/p>\n<p><strong>Multi-NTRIP profila saglab\u0101\u0161ana<br \/>\n<\/strong><span style=\"font-weight: 400;\">Atk\u0101rtojam\u0101m datu ieg\u016b\u0161anas misij\u0101m varat ierakst\u012bt drona iepriek\u0161\u0113j\u0101s \u0161au\u0161anas poz\u012bcijas. Visas kard\u0101nas, kameras un gaisa ku\u0123a kust\u012bbas tiks atk\u0101rtotas, t\u0101d\u0113j\u0101di ieg\u016bstot pilnu ierakstu par visu misiju.<\/span><\/p>\n<p><span style=\"font-weight: 400;\"><strong>Fotoatt\u0113lu replik\u0101cija<\/strong><br \/>\n<\/span><span style=\"font-weight: 400;\">EVO II RTK Series V3 atgrie\u017eas tur, kur tas tika p\u0101rtraukts vair\u0101ku akumulatoru misij\u0101s, nes\u0101kot no s\u0101kuma.<\/span><\/p>\n<p><span style=\"font-weight: 400;\"><strong>Vair\u0101ku akumulatoru misijas<\/strong><br \/>\n<\/span><span style=\"font-weight: 400;\">Programma Explorer \u013cauj lietot\u0101jam izveidot un saglab\u0101t vair\u0101kus NTRIP profilus da\u017e\u0101d\u0101m viet\u0101m, katr\u0101 ce\u013cojum\u0101 manu\u0101li neievadot konta inform\u0101ciju.<\/span><\/p>\n<p><span style=\"font-weight: 400;\"><strong>Papildu funkciju komplekti<\/strong><br \/>\n<\/span><\/p>\n<p><span style=\"font-weight: 400;\">Izveidojiet taisnst\u016bra vai daudzst\u016bra misijas<br \/>\n<\/span>Atbalsta dubult\u0101 re\u017e\u0123a kart\u0113\u0161anu, lai ieg\u016btu papildu le\u0146\u0137i<br \/>\n<span style=\"font-weight: 400;\">Piln\u012bga manu\u0101la kameras iestat\u012bjumu kontrole<br \/>\n<\/span><span style=\"font-weight: 400;\">Nep\u0101rtraukti iesl\u0113dzot st\u016brus, tiek ietaup\u012bts laiks un akumulatora darb\u012bbas laiks<br \/>\n<\/span><span style=\"font-weight: 400;\">Piel\u0101gojami kursu virsraksti, lai atbilstu orient\u0101cijas pras\u012bb\u0101m<\/span><\/p>\n<p><span style=\"font-weight: 400;\"><strong>Uz\u0146emiet katru deta\u013cu<\/strong><br \/>\n<\/span><span style=\"font-weight: 400;\">EVO II Pro RTK V3 ir augsts dinamiskais diapazons un jaud\u012bga veiktsp\u0113ja v\u0101j\u0101 apgaismojum\u0101, \u013caujot lietot\u0101jiem tvert skaidras deta\u013cu kopas ar minim\u0101liem krop\u013cojumiem un trok\u0161\u0146iem.<\/span><\/p>\n<p><span style=\"font-weight: 400;\"><strong>1 collas \u012bpa\u0161i jut\u012bgs sensors<\/strong><br \/>\n<\/span><span style=\"font-weight: 400;\">EVO II Pro RTK V3 ir apr\u012bkots ar JAUNU, atjaunin\u0101tu 1 collas 6K CMOS att\u0113la sensoru ar maksim\u0101lo iz\u0161\u0137irtsp\u0113ju 20 megapikse\u013ci. Pateicoties \u012bpa\u0161i jut\u012bgajam algoritmam, j\u016bs joproj\u0101m varat uz\u0146emt t\u012bras, detaliz\u0113tas, zema trok\u0161\u0146a l\u012bme\u0146a datu kopas kr\u0113slas vai nakts apst\u0101k\u013cos.<\/span><\/p>\n<p><span style=\"font-weight: 400;\"><strong>F2.8~F11 Regul\u0113jama apert\u016bra<\/strong><br \/>\n<\/span><span style=\"font-weight: 400;\">Piel\u0101gojieties apgaismojuma izmai\u0146\u0101m, piel\u0101gojot objekt\u012bva diafragmas lielumu, nodro\u0161inot pilotam liel\u0101ku aizvara \u0101truma kontroli.<\/span><\/p>\n<p><span style=\"font-weight: 400;\"><strong>Tuviniet s\u012bk\u0101ku inform\u0101ciju<\/strong><br \/>\n<\/span><span style=\"font-weight: 400;\">EVO II Pro RTK V3 ir optimiz\u0113jis savas datu kopas, lai t\u0101s var\u0113tu viegli piel\u0101got ar p\u0113capstr\u0101des programmat\u016bras lietojumprogramm\u0101m<\/span><\/p>\n<p><span style=\"font-weight: 400;\"><strong>Optimiz\u0113ta programmat\u016bras att\u0113la korekcijai<\/strong><br \/>\n<\/span><span style=\"font-weight: 400;\">EVO II Pro RTK V3 ir optimiz\u0113jis savas datu kopas, lai t\u0101s var\u0113tu viegli piel\u0101got ar p\u0113capstr\u0101des programmat\u016bras lietojumprogramm\u0101m.<\/span><\/p>\n<p><strong>SkyLink 2.0 video p\u0101rraide<br \/>\n<\/strong><span style=\"font-weight: 400;\">EVO II RTK V3 Series V3 ir jaunin\u0101ta ar Autel piln\u012bgi jauno SkyLink 2.0 video p\u0101rraides tehnolo\u0123iju.<\/span><\/p>\n<p><span style=\"font-weight: 400;\">Lidojiet t\u0101l\u0101k ar HD video p\u0101rraidi l\u012bdz 8 km.<br \/>\n<\/span><span style=\"font-weight: 400;\">Ieg\u016bstiet svar\u012bgu inform\u0101ciju, izmantojot QHD video 1 km r\u0101dius\u0101.<br \/>\n<\/span><span style=\"font-weight: 400;\">2,4G\/5,8G atbalsta tr\u012bsjoslu sazi\u0146u un var autom\u0101tiski p\u0101rsl\u0113gt frekvenci, lai nodro\u0161in\u0101tu maksim\u0101lu prettrauc\u0113jumu sp\u0113ju.<\/span><\/p>\n<p><span style=\"font-weight: 400;\"><strong>360\u00b0 \u0161\u0137\u0113r\u0161\u013cu nov\u0113r\u0161ana<\/strong><br \/>\n<\/span><span style=\"font-weight: 400;\">Apr\u012bkots ar 19 sensoru grup\u0101m, ieskaitot 12 vizu\u0101los sensorus, galveno kameru, ultraska\u0146u, IMU un citus sensorus, kas \u013cauj izveidot tr\u012bsdimensiju kartes un pl\u0101not ce\u013cu re\u0101llaik\u0101.<\/span><\/p>\n<p><strong>P\u0101rn\u0113s\u0101jams un viegli lietojams<\/strong><\/p>\n<p><strong>Kompakts dizains<br \/>\n<\/strong><span style=\"font-weight: 400;\">EVO II RTK Series V3 ir salok\u0101ms, lai atvieglotu transport\u0113\u0161anu un izvieto\u0161anu.<\/span><\/p>\n<p><span style=\"font-weight: 400;\"><strong>Ikdienas darbpl\u016bsmas bez probl\u0113m\u0101m<\/strong><br \/>\n<\/span><span style=\"font-weight: 400;\">EVO II RTK V3 bez satraukuma aiz\u0146em 45 sekundes no palai\u0161anas l\u012bdz pacel\u0161an\u0101s br\u012bdim.<\/span><\/p>\n<p><strong>Dro\u0161s un iztur\u012bgs<\/strong><\/p>\n<p><strong>Maksim\u0101l\u0101 v\u0113ja pretest\u012bba 27 j\u016bdzes stund\u0101<br \/>\n<\/strong><span style=\"font-weight: 400;\">EVO II maz\u0101kais \u0161\u0137\u0113rsgriezums un jaud\u012bgie motori nodro\u0161ina liel\u0101ku stabilit\u0101ti un kontroli jebkuros v\u0113ja apst\u0101k\u013cos.<\/span><\/p>\n<p><span style=\"font-weight: 400;\"><strong>Lidojuma zonas nav*<\/strong><br \/>\n<\/span><span style=\"font-weight: 400;\">EVO II RTK Series V3 nav nek\u0101du lido\u0161anas zonu un tas netrauc\u0113s pilotam pacelties.<\/span><\/p>\n<p><span style=\"font-weight: 400;\"><strong>38 min\u016b\u0161u lidojuma laiks<\/strong><br \/>\n<\/span><span style=\"font-weight: 400;\">Izbaudiet l\u012bdz pat 38 min\u016b\u0161u lidojuma laiku \u2014 par 20% ~ 30% vair\u0101k nek\u0101 n\u0101kamais vado\u0161ais konkurents, nodro\u0161inot pla\u0161\u0101ku apgabalu un ilg\u0101kas misijas.<\/span><\/p>\n<p><span style=\"font-weight: 400;\"><strong>Nav piespiedu atjaunin\u0101jumu**<\/strong><br \/>\n<\/span><span style=\"font-weight: 400;\">EVO II RTK Series V3 nav j\u0101b\u016bt jaun\u0101kajai aparat\u016bras vai lietotnes versijai, lai t\u0101 s\u0101ktu darboties at\u0161\u0137ir\u012bb\u0101 no citiem konkurentiem.<\/span><\/p>\n<p><span style=\"font-weight: 400;\"><strong>Autel Smart Controller V3<\/strong><br \/>\n<\/span><span style=\"font-weight: 400;\">Smart Controller V3 7,9 collu, 2000 nits augsta spilgtuma ekr\u0101ns ir skaidri redzams pat tie\u0161os saules staros. SkyLink 2.0 p\u0101rraides tehnolo\u0123ija garant\u0113 t\u0101lsatiksmes oper\u0101cijas l\u012bdz 15 km att\u0101lum\u0101 un uzlabo prettrauc\u0113jumu sp\u0113jas ar tr\u012bsjoslu frekven\u010du l\u0113cienu. Piel\u0101got\u0101 Android sist\u0113ma nodro\u0161ina papildu elast\u012bbu, izmantojot tre\u0161\u0101s puses lietotnes, un IP43 v\u0113rt\u0113jums nodro\u0161ina veiktsp\u0113ju visos laikapst\u0101k\u013cos.<\/span><\/p>\n<p><span style=\"font-weight: 400;\">15 km p\u0101rnesumk\u0101rbas darb\u012bbas r\u0101diuss<br \/>\n<\/span><span style=\"font-weight: 400;\">Maksim\u0101lais spilgtums 2000 niti<br \/>\n<\/span><span style=\"font-weight: 400;\">4.5. Darba laiks<br \/>\n<\/span><span style=\"font-weight: 400;\">IP43 Iztur\u012bba<\/span><\/p>\n<p><span style=\"font-weight: 400;\"><strong>Live Deck 2<\/strong><br \/>\n<\/span><span style=\"font-weight: 400;\">Tie\u0161raid\u0113 p\u0101rraidiet inform\u0101ciju par misiju citiem darbiniekiem oper\u0101cij\u0101, lai uzlabotu situ\u0101cijas izpratni un kritisku l\u0113mumu pie\u0146em\u0161anu. EVO II Dual 640T V3 ir sader\u012bgs ar Live Deck 2, kas pied\u0101v\u0101 vair\u0101ku portu straum\u0113\u0161anu uz monitoriem un Wi-Fi atbalstu vair\u0101kiem viedt\u0101lru\u0146iem.<\/span><\/p>\n<p><span style=\"font-weight: 400;\">1080P video straume<br \/>\n<\/span><span style=\"font-weight: 400;\">Tr\u012bs autom\u0101tisk\u0101s p\u0101rsl\u0113g\u0161anas joslas<br \/>\n<\/span><span style=\"font-weight: 400;\">12 km transmisijas diapazons<br \/>\n<\/span><span style=\"font-weight: 400;\">IP43 Iztur\u012bba<\/span><\/p>\n","protected":false},"excerpt":{"rendered":"<p>Pozicion\u0113\u0161ana centimetru l\u012bmen\u012b EVO II RTK Series V3 ir integr\u0113ts piln\u012bgi jauns RTK modulis 2022. gadam, kas nodro\u0161ina re\u0101llaika centimetru l\u012bme\u0146a pozicion\u0113\u0161anas datus tr\u012bs min\u016bt\u0113s un atbalsta p\u0113capstr\u0101des kinem\u0101tiku (PPK). Lidma\u0161\u012bna var ierakst\u012bt ori\u0123in\u0101los satel\u012btnov\u0113ro\u0161anas datus, kameras ekspoz\u012bcijas parametrus un daudz ko citu. Pozicion\u0113\u0161anas sist\u0113ma atbalsta RTK b\u0101zes staciju un NTRIP RTK t\u012bklu, kas pal\u012bdz [&hellip;]<\/p>\n","protected":false},"featured_media":5041,"template":"","meta":{"_gspb_post_css":""},"product_brand":[],"product_cat":[146,148],"product_tag":[],"class_list":{"0":"post-3466","1":"product","2":"type-product","3":"status-publish","4":"has-post-thumbnail","6":"product_cat-evo-ii-enterprise-series-lv","7":"product_cat-special-purpose-drones-lv","9":"first","10":"instock","11":"sale","12":"taxable","13":"shipping-taxable","14":"purchasable","15":"product-type-simple"},"_links":{"self":[{"href":"https:\/\/auteldronesbaltic.com\/lv\/wp-json\/wp\/v2\/product\/3466","targetHints":{"allow":["GET"]}}],"collection":[{"href":"https:\/\/auteldronesbaltic.com\/lv\/wp-json\/wp\/v2\/product"}],"about":[{"href":"https:\/\/auteldronesbaltic.com\/lv\/wp-json\/wp\/v2\/types\/product"}],"wp:featuredmedia":[{"embeddable":true,"href":"https:\/\/auteldronesbaltic.com\/lv\/wp-json\/wp\/v2\/media\/5041"}],"wp:attachment":[{"href":"https:\/\/auteldronesbaltic.com\/lv\/wp-json\/wp\/v2\/media?parent=3466"}],"wp:term":[{"taxonomy":"product_brand","embeddable":true,"href":"https:\/\/auteldronesbaltic.com\/lv\/wp-json\/wp\/v2\/product_brand?post=3466"},{"taxonomy":"product_cat","embeddable":true,"href":"https:\/\/auteldronesbaltic.com\/lv\/wp-json\/wp\/v2\/product_cat?post=3466"},{"taxonomy":"product_tag","embeddable":true,"href":"https:\/\/auteldronesbaltic.com\/lv\/wp-json\/wp\/v2\/product_tag?post=3466"}],"curies":[{"name":"wp","href":"https:\/\/api.w.org\/{rel}","templated":true}]}}