{"id":3478,"date":"2022-04-07T23:27:26","date_gmt":"2022-04-07T20:27:26","guid":{"rendered":"https:\/\/auteldronesbaltic.com\/uncategorized\/autel-robotic-smart-controller\/"},"modified":"2022-07-11T14:54:45","modified_gmt":"2022-07-11T11:54:45","slug":"autel-robotic-smart-controller","status":"publish","type":"product","link":"https:\/\/auteldronesbaltic.com\/lv\/piederumi\/autel-robotic-smart-controller\/","title":{"rendered":"Autel Robotic Smart Controller"},"content":{"rendered":"<p><span style=\"font-weight: 400;\">Autel Smart Controller ir izstr\u0101d\u0101ts, lai uzlabotu j\u016bsu dronu lidojumu pieredzi. Autel viedajam kontrolierim ir 7,9 collu \u012bpa\u0161i spilgts ekr\u0101ns ar 2000 nitu spilgtumu. \u0160is spilgtums ir \u010detras reizes liel\u0101ks nek\u0101 standarta mobilaj\u0101m ier\u012bc\u0113m, viedt\u0101lru\u0146iem un plan\u0161etdatoriem. \u0160is spilgtums uzlabo j\u016bsu UAV veiktsp\u0113ju tie\u0161os saules staros, lai samazin\u0101tu atsp\u012bdumu un nodro\u0161in\u0101tu skaidru displeja redzam\u012bbu. Maksim\u0101lais darb\u012bbas laiks ir 4,5 stundas ar vienu uzl\u0101di ar 50% spilgtumu un 3 stundas ar maksim\u0101lo spilgtumu. 128 GB iek\u0161\u0113j\u0101 atmi\u0146a nodro\u0161ina viedajam kontrollerim pietiekami daudz vietas lietojumprogramm\u0101m, multividei un cit\u0101m atmi\u0146as vajadz\u012bb\u0101m.<\/span><\/p>\n<p><span style=\"font-weight: 400;\">Autel Smart Controller darbojas piel\u0101got\u0101 Android oper\u0113t\u0101jsist\u0113m\u0101 un pied\u0101v\u0101 piln\u012bgu atbalstu tre\u0161o pu\u0161u lietot\u0146u lejupiel\u0101dei pa\u0161\u0101 Smart Controller. Tas dod EVO II operatoriem elast\u012bbu, lai izveidotu oper\u0113t\u0101jsist\u0113mu un darbpl\u016bsmas, kas prec\u012bzi atbilst vi\u0146u vajadz\u012bb\u0101m.<\/span><\/p>\n","protected":false},"excerpt":{"rendered":"<p>Autel Smart Controller ir izstr\u0101d\u0101ts, lai uzlabotu j\u016bsu dronu lidojumu pieredzi. Autel viedajam kontrolierim ir 7,9 collu \u012bpa\u0161i spilgts ekr\u0101ns ar 2000 nitu spilgtumu. \u0160is spilgtums ir \u010detras reizes liel\u0101ks nek\u0101 standarta mobilaj\u0101m ier\u012bc\u0113m, viedt\u0101lru\u0146iem un plan\u0161etdatoriem. \u0160is spilgtums uzlabo j\u016bsu UAV veiktsp\u0113ju tie\u0161os saules staros, lai samazin\u0101tu atsp\u012bdumu un nodro\u0161in\u0101tu skaidru displeja redzam\u012bbu. Maksim\u0101lais [&hellip;]<\/p>\n","protected":false},"featured_media":715,"template":"","meta":{"_gspb_post_css":""},"product_brand":[],"product_cat":[151],"product_tag":[],"class_list":{"0":"post-3478","1":"product","2":"type-product","3":"status-publish","4":"has-post-thumbnail","6":"product_cat-piederumi","8":"first","9":"outofstock","10":"taxable","11":"shipping-taxable","12":"purchasable","13":"product-type-simple"},"_links":{"self":[{"href":"https:\/\/auteldronesbaltic.com\/lv\/wp-json\/wp\/v2\/product\/3478","targetHints":{"allow":["GET"]}}],"collection":[{"href":"https:\/\/auteldronesbaltic.com\/lv\/wp-json\/wp\/v2\/product"}],"about":[{"href":"https:\/\/auteldronesbaltic.com\/lv\/wp-json\/wp\/v2\/types\/product"}],"wp:featuredmedia":[{"embeddable":true,"href":"https:\/\/auteldronesbaltic.com\/lv\/wp-json\/wp\/v2\/media\/715"}],"wp:attachment":[{"href":"https:\/\/auteldronesbaltic.com\/lv\/wp-json\/wp\/v2\/media?parent=3478"}],"wp:term":[{"taxonomy":"product_brand","embeddable":true,"href":"https:\/\/auteldronesbaltic.com\/lv\/wp-json\/wp\/v2\/product_brand?post=3478"},{"taxonomy":"product_cat","embeddable":true,"href":"https:\/\/auteldronesbaltic.com\/lv\/wp-json\/wp\/v2\/product_cat?post=3478"},{"taxonomy":"product_tag","embeddable":true,"href":"https:\/\/auteldronesbaltic.com\/lv\/wp-json\/wp\/v2\/product_tag?post=3478"}],"curies":[{"name":"wp","href":"https:\/\/api.w.org\/{rel}","templated":true}]}}