{"id":3491,"date":"2022-04-27T12:14:38","date_gmt":"2022-04-27T09:14:38","guid":{"rendered":"https:\/\/auteldronesbaltic.com\/uncategorized\/autel-evo-nano-akumulators\/"},"modified":"2026-03-06T11:13:45","modified_gmt":"2026-03-06T09:13:45","slug":"autel-evo-nano-akumulators","status":"publish","type":"product","link":"https:\/\/auteldronesbaltic.com\/lv\/autel-evo-nano-un-aksesuari\/autel-evo-nano-akumulators\/","title":{"rendered":"Autel EVO Nano akumulators"},"content":{"rendered":"<p><span style=\"font-weight: 400;\">EVO Nano \u0101tri nomain\u0101mais 2250 mAh, 7,7 V litija polim\u0113ru akumulators pied\u0101v\u0101 28 min\u016b\u0161u lidojuma laiku. Akumulators ir pieejams Autel Orange un Deep Space Grey kr\u0101s\u0101s, lai tas atbilstu j\u016bsu Nano lidma\u0161\u012bnai.<\/span><\/p>\n","protected":false},"excerpt":{"rendered":"<p>EVO Nano \u0101tri nomain\u0101mais 2250 mAh, 7,7 V litija polim\u0113ru akumulators pied\u0101v\u0101 28 min\u016b\u0161u lidojuma laiku. Akumulators ir pieejams Autel Orange un Deep Space Grey kr\u0101s\u0101s, lai tas atbilstu j\u016bsu Nano lidma\u0161\u012bnai.<\/p>\n","protected":false},"featured_media":1093,"template":"","meta":{"_gspb_post_css":""},"product_brand":[],"product_cat":[135,151],"product_tag":[],"class_list":{"0":"post-3491","1":"product","2":"type-product","3":"status-publish","4":"has-post-thumbnail","6":"product_cat-autel-evo-nano-un-aksesuari","7":"product_cat-piederumi","9":"first","10":"instock","11":"sale","12":"taxable","13":"shipping-taxable","14":"purchasable","15":"product-type-variable","16":"has-default-attributes"},"_links":{"self":[{"href":"https:\/\/auteldronesbaltic.com\/lv\/wp-json\/wp\/v2\/product\/3491","targetHints":{"allow":["GET"]}}],"collection":[{"href":"https:\/\/auteldronesbaltic.com\/lv\/wp-json\/wp\/v2\/product"}],"about":[{"href":"https:\/\/auteldronesbaltic.com\/lv\/wp-json\/wp\/v2\/types\/product"}],"wp:featuredmedia":[{"embeddable":true,"href":"https:\/\/auteldronesbaltic.com\/lv\/wp-json\/wp\/v2\/media\/1093"}],"wp:attachment":[{"href":"https:\/\/auteldronesbaltic.com\/lv\/wp-json\/wp\/v2\/media?parent=3491"}],"wp:term":[{"taxonomy":"product_brand","embeddable":true,"href":"https:\/\/auteldronesbaltic.com\/lv\/wp-json\/wp\/v2\/product_brand?post=3491"},{"taxonomy":"product_cat","embeddable":true,"href":"https:\/\/auteldronesbaltic.com\/lv\/wp-json\/wp\/v2\/product_cat?post=3491"},{"taxonomy":"product_tag","embeddable":true,"href":"https:\/\/auteldronesbaltic.com\/lv\/wp-json\/wp\/v2\/product_tag?post=3491"}],"curies":[{"name":"wp","href":"https:\/\/api.w.org\/{rel}","templated":true}]}}