{"id":3494,"date":"2022-04-27T12:05:45","date_gmt":"2022-04-27T09:05:45","guid":{"rendered":"https:\/\/auteldronesbaltic.com\/uncategorized\/autel-evo-nano-lite-talvadibas-pults\/"},"modified":"2025-10-03T15:54:36","modified_gmt":"2025-10-03T12:54:36","slug":"autel-evo-nano-lite-talvadibas-pults","status":"publish","type":"product","link":"https:\/\/auteldronesbaltic.com\/lv\/autel-evo-lite-un-aksesuari\/autel-evo-nano-lite-talvadibas-pults\/","title":{"rendered":"Autel EVO Nano &#038; Lite t\u0101lvad\u012bbas pults"},"content":{"rendered":"<p><span style=\"font-weight: 400;\">EVO Nano &amp; Lite t\u0101lvad\u012bbas pulti ir viegli p\u0101rn\u0113s\u0101t, tas ir intuit\u012bvi lietojams, un tas visu savieno ar viedt\u0101lruni. Kontrolieris pied\u0101v\u0101 6,2 j\u016bd\u017eu (nano) 7,4 j\u016bd\u017eu (Lite) p\u0101rraides diapazonu, kas \u013cauj veikt t\u0101lsatiksmes lidojumu. Re\u0101llaika lidojuma inform\u0101cija tiek p\u0101rraid\u012bta uz j\u016bsu viedt\u0101lruni ar \u0101trumu 2,7 K\/30 FPS, izmantojot lietotni Sky, savuk\u0101rt tr\u012bsjoslu darb\u012bbas frekvences nodro\u0161ina izcilu prettrauc\u0113jumu sp\u0113ju.<\/span><\/p>\n","protected":false},"excerpt":{"rendered":"<p>EVO Nano &amp; Lite t\u0101lvad\u012bbas pulti ir viegli p\u0101rn\u0113s\u0101t, tas ir intuit\u012bvi lietojams, un tas visu savieno ar viedt\u0101lruni. Kontrolieris pied\u0101v\u0101 6,2 j\u016bd\u017eu (nano) 7,4 j\u016bd\u017eu (Lite) p\u0101rraides diapazonu, kas \u013cauj veikt t\u0101lsatiksmes lidojumu. Re\u0101llaika lidojuma inform\u0101cija tiek p\u0101rraid\u012bta uz j\u016bsu viedt\u0101lruni ar \u0101trumu 2,7 K\/30 FPS, izmantojot lietotni Sky, savuk\u0101rt tr\u012bsjoslu darb\u012bbas frekvences nodro\u0161ina [&hellip;]<\/p>\n","protected":false},"featured_media":1030,"template":"","meta":{"_gspb_post_css":""},"product_brand":[],"product_cat":[134,135,151],"product_tag":[],"class_list":{"0":"post-3494","1":"product","2":"type-product","3":"status-publish","4":"has-post-thumbnail","6":"product_cat-autel-evo-lite-un-aksesuari","7":"product_cat-autel-evo-nano-un-aksesuari","8":"product_cat-piederumi","10":"first","11":"onbackorder","12":"taxable","13":"shipping-taxable","14":"purchasable","15":"product-type-simple"},"_links":{"self":[{"href":"https:\/\/auteldronesbaltic.com\/lv\/wp-json\/wp\/v2\/product\/3494","targetHints":{"allow":["GET"]}}],"collection":[{"href":"https:\/\/auteldronesbaltic.com\/lv\/wp-json\/wp\/v2\/product"}],"about":[{"href":"https:\/\/auteldronesbaltic.com\/lv\/wp-json\/wp\/v2\/types\/product"}],"wp:featuredmedia":[{"embeddable":true,"href":"https:\/\/auteldronesbaltic.com\/lv\/wp-json\/wp\/v2\/media\/1030"}],"wp:attachment":[{"href":"https:\/\/auteldronesbaltic.com\/lv\/wp-json\/wp\/v2\/media?parent=3494"}],"wp:term":[{"taxonomy":"product_brand","embeddable":true,"href":"https:\/\/auteldronesbaltic.com\/lv\/wp-json\/wp\/v2\/product_brand?post=3494"},{"taxonomy":"product_cat","embeddable":true,"href":"https:\/\/auteldronesbaltic.com\/lv\/wp-json\/wp\/v2\/product_cat?post=3494"},{"taxonomy":"product_tag","embeddable":true,"href":"https:\/\/auteldronesbaltic.com\/lv\/wp-json\/wp\/v2\/product_tag?post=3494"}],"curies":[{"name":"wp","href":"https:\/\/api.w.org\/{rel}","templated":true}]}}