{"id":3904,"date":"2022-05-31T14:46:28","date_gmt":"2022-05-31T11:46:28","guid":{"rendered":"https:\/\/auteldronesbaltic.com\/uncategorized\/autel-evo-ii-dual-rugged-bundle-640t-v2\/"},"modified":"2025-04-08T10:08:29","modified_gmt":"2025-04-08T07:08:29","slug":"evo-ii-dual-640t-v3","status":"publish","type":"product","link":"https:\/\/auteldronesbaltic.com\/lv\/evo-ii-enterprise-series-lv\/evo-ii-dual-640t-v3\/","title":{"rendered":"EVO II DUAL 640T V3"},"content":{"rendered":"<p><b>640&#215;512 30Hz jauns termisk\u0101s att\u0113lveido\u0161anas sensors<br \/>\n<\/b><span style=\"font-weight: 400;\">Apr\u012bkots ar 640*512 augstas iz\u0161\u0137irtsp\u0113jas termisk\u0101s att\u0113lveido\u0161anas kameru ar 13 mm fokusa att\u0101luma objekt\u012bvu un 16x digit\u0101lo t\u0101lummai\u0146u, ir viegli nov\u0113rot t\u0101lus m\u0113r\u0137us. Sist\u0113ma izmanto jaunu att\u0113lu apstr\u0101des algoritmu, padarot termisk\u0101s att\u0113lveido\u0161anas deta\u013cas skaidr\u0101kas un paman\u0101m\u0101kas nek\u0101 konkurence ar l\u012bdz\u012bgu iz\u0161\u0137irtsp\u0113ju un aparat\u016bru.<\/span><\/p>\n<p><b>DRI diapazoni<br \/>\n<\/b><span style=\"font-weight: 400;\">DRI apz\u012bm\u0113 Detection, Recognition and Identification.<\/span><\/p>\n<table>\n<thead>\n<tr>\n<th><\/th>\n<th style=\"text-align: left;\"><span style=\"font-weight: 400;\">Persona<\/span><\/th>\n<th style=\"text-align: left;\"><span style=\"font-weight: 400;\">SUV<\/span><\/th>\n<th style=\"text-align: left;\"><span style=\"font-weight: 400;\">Smag\u0101 ma\u0161\u012bna<\/span><\/th>\n<\/tr>\n<tr>\n<th style=\"text-align: left;\"><span style=\"font-weight: 400;\">Izm\u0113rs<\/span><\/th>\n<th style=\"text-align: left;\"><span style=\"font-weight: 400;\">1.8*0.5m<\/span><\/th>\n<th style=\"text-align: left;\"><span style=\"font-weight: 400;\">4.2*1.8m<\/span><\/th>\n<th style=\"text-align: left;\"><span style=\"font-weight: 400;\">6*4m<\/span><\/th>\n<\/tr>\n<\/thead>\n<tbody>\n<tr>\n<td><span style=\"font-weight: 400;\">Atkl\u0101\u0161ana<\/span><\/td>\n<td><span style=\"font-weight: 400;\">542m<\/span><\/td>\n<td><span style=\"font-weight: 400;\">1661m<\/span><\/td>\n<td><span style=\"font-weight: 400;\">2889m<\/span><\/td>\n<\/tr>\n<tr>\n<td><span style=\"font-weight: 400;\">Atzin\u012bba<\/span><\/td>\n<td><span style=\"font-weight: 400;\">135m<\/span><\/td>\n<td><span style=\"font-weight: 400;\">415m<\/span><\/td>\n<td><span style=\"font-weight: 400;\">722m<\/span><\/td>\n<\/tr>\n<tr>\n<td><span style=\"font-weight: 400;\">Identifik\u0101cija<\/span><\/td>\n<td><span style=\"font-weight: 400;\">68m<\/span><\/td>\n<td><span style=\"font-weight: 400;\">208m<\/span><\/td>\n<td><span style=\"font-weight: 400;\">361m<\/span><\/td>\n<\/tr>\n<tr>\n<td><\/td>\n<td><\/td>\n<td><\/td>\n<td><\/td>\n<\/tr>\n<\/tbody>\n<\/table>\n<p>&nbsp;<\/p>\n<ul>\n<li><span style=\"font-weight: 400;\"> Detection: noteikt, vai objekts atrodas.<\/span><\/li>\n<li><span style=\"font-weight: 400;\"> Atpaz\u012b\u0161ana: skatiet, k\u0101da veida objekts tas ir (t.i., cilv\u0113ks, transportl\u012bdzeklis, lidma\u0161\u012bna).<\/span><\/li>\n<li><span style=\"font-weight: 400;\"> Identifik\u0101cija: piem\u0113ram, skatiet, vai k\u0101ds ir draugs vai ienaidnieks.<\/span><\/li>\n<\/ul>\n<p>&nbsp;<\/p>\n<p><b>Vair\u0101ki temperat\u016bras m\u0113r\u012b\u0161anas re\u017e\u012bmi<\/b><\/p>\n<p><b>Centr\u0101l\u0101 temperat\u016bras m\u0113r\u012b\u0161ana<br \/>\n<\/b><span style=\"font-weight: 400;\">Skatiet re\u0101llaika temperat\u016bras displeju ekr\u0101na centr\u0101.<\/span><\/p>\n<p><b>Punkta temperat\u016bras m\u0113r\u012b\u0161ana<br \/>\n<\/b><span style=\"font-weight: 400;\">Pieskarieties ekr\u0101nam, un atlas\u012bt\u0101 objekta temperat\u016bra tiks par\u0101d\u012bta re\u0101llaik\u0101.<\/span><\/p>\n<p><b>Re\u0123ion\u0101l\u0101s temperat\u016bras m\u0113r\u012b\u0161ana<br \/>\n<\/b><span style=\"font-weight: 400;\">Ieg\u016bstiet dinamisku skat\u012bjumu uz vid\u0113jo temperat\u016bru, maksim\u0101lo temperat\u016bru un minim\u0101lo temperat\u016bru, kas tiek par\u0101d\u012bta atlas\u012btaj\u0101 apgabal\u0101.<\/span><\/p>\n<p><b>10 termisk\u0101s kr\u0101su paletes<br \/>\n<\/b><span style=\"font-weight: 400;\">White Hot | Auksts un karsts | Varav\u012bksne | Uzlabota Rainbow | Ironbow | Lava | Arktika | Apdegums | Grad\u0101cija | Siltuma noteik\u0161ana<\/span><\/p>\n<p><b>Att\u0113ls att\u0113l\u0101 displeja re\u017e\u012bms<br \/>\n<\/b><span style=\"font-weight: 400;\">Vizu\u0101lie un termiskie att\u0113li ir apvienoti, lai pal\u012bdz\u0113tu lietot\u0101jiem \u0101tri interpret\u0113t datus un pal\u012bdz\u0113tu pie\u0146emt svar\u012bgus l\u0113mumus.<\/span><\/p>\n<p><b>Temperat\u016bras trauksme<br \/>\n<\/b><span style=\"font-weight: 400;\">Uzrauga ekr\u0101na temperat\u016bru re\u0101llaik\u0101. Sist\u0113ma pazi\u0146o lietot\u0101jam, kad temperat\u016bra sasniedz iestat\u012bto slieksni.<\/span><\/p>\n<p><b>Izoterma<br \/>\n<\/b><span style=\"font-weight: 400;\">Iestatiet temperat\u016bras diapazonu, un sist\u0113ma atkl\u0101s visus objektus nor\u0101d\u012btaj\u0101 temperat\u016bras diapazon\u0101.<\/span><\/p>\n<p><b>Att\u0113la uzlabo\u0161ana<br \/>\n<\/b><span style=\"font-weight: 400;\">Atbalsta att\u0113la spilgtuma, kontrasta un att\u0113la deta\u013cu piel\u0101go\u0161anu re\u0101llaik\u0101. Sist\u0113ma iez\u012bm\u0113s visus objektus temperat\u016bras m\u0113r\u0137a robe\u017e\u0101s.<\/span><\/p>\n<p><b>Sp\u0113c\u012bgs infrasarkan\u0101s termisk\u0101s anal\u012bzes r\u012bks<br \/>\n<\/b><span style=\"font-weight: 400;\">\u0160is bezmaksas temperat\u016bras m\u0113r\u012bjumu anal\u012bzes r\u012bks ir \u012bpa\u0161i izstr\u0101d\u0101ts 640T, un tas \u013cauj lietot\u0101jiem \u0101tri import\u0113t att\u0113lus, redi\u0123\u0113t un analiz\u0113t temperat\u016bras m\u0113r\u012bjumus un \u0123ener\u0113t detaliz\u0113tus p\u0101rskatus koplieto\u0161anai un sadarb\u012bbai.<\/span><\/p>\n<p><b>50MP \u012bpa\u0161i jut\u012bga kamera<br \/>\n<\/b><span style=\"font-weight: 400;\">EVO II Dual 640T V3 \u012bpa\u0161ajam RYYB sensoram ir m\u0113ness gaismas algoritms 2.0, kas nodro\u0161ina izcilu trok\u0161\u0146u sl\u0101p\u0113\u0161anu ierobe\u017eotos apgaismojuma apst\u0101k\u013cos, v\u0113l vair\u0101k uzlabojot t\u0101 50 megapikse\u013cu kameru, lai sniegtu lietot\u0101jiem s\u012bk\u0101ku inform\u0101ciju lab\u0101kai krimin\u0101listikai un anal\u012bzei.<\/span><\/p>\n<p><b>.8&#8243; Sensora izm\u0113rs<\/b><span style=\"font-weight: 400;\"><br \/>\n<\/span><span style=\"font-weight: 400;\">EVO II Dual 640T V3 0,8 collu RYYB CMOS nodro\u0161ina l\u012bdz pat 144% ~ 233% liel\u0101ku virsmas laukumu, sal\u012bdzinot ar 1\/2&#8243; vai 1\/2,3&#8243; konkurentiem, lai ieg\u016btu maksim\u0101lu inform\u0101ciju augsta kontrasta apgaismojuma apst\u0101k\u013cos.<\/span><\/p>\n<p><b>RYYB sensoru tehnolo\u0123ija<br \/>\n<\/b><span style=\"font-weight: 400;\">RYYB sensoru tehnolo\u0123ija att\u0101lin\u0101s no RGB kamer\u0101m, pied\u0101v\u0101jot l\u012bdz pat 40% liel\u0101ku gaismas jut\u012bbu v\u0101j\u0101 apgaismojum\u0101.<\/span><\/p>\n<p><b>PDAF+CDAF autofokusa sist\u0113ma<br \/>\n<\/b><span style=\"font-weight: 400;\">Nekad nepazaud\u0113jiet objektus no redzesloka, izmantojot PDAF (f\u0101zes noteik\u0161anas autom\u0101tiskais fokuss) un CDAF (kontrasta noteik\u0161anas autom\u0101tiskais fokuss) tehnolo\u0123iju, kas nodro\u0161ina \u0101tru un prec\u012bzu izseko\u0161anu.<\/span><\/p>\n<p><b>Skatiet ainu ar 16x digit\u0101lo t\u0101lummai\u0146u<br \/>\n<\/b><span style=\"font-weight: 400;\">Sist\u0113ma atbalsta 16x digit\u0101lo t\u0101lummai\u0146u un 4x bezzudumu t\u0101lummai\u0146u, nodro\u0161inot att\u0113lu ieg\u016b\u0161anu no liela att\u0101luma un detaliz\u0113tu ieskatu ain\u0101s dro\u0161i un bez noteik\u0161anas.<\/span><\/p>\n<p><b>4K HDR liel\u0101kam dinamiskajam diapazonam<br \/>\n<\/b><span style=\"font-weight: 400;\">4K HDR autom\u0101tiski l\u012bdzsvaro p\u0101rm\u0113r\u012bgu un nepietiekamu ekspoz\u012bciju, uz\u0146emot si\u017eetus ar p\u0101r\u0101k lielu kontrastu, radot skaidr\u0101kus att\u0113lus ar vair\u0101k sl\u0101\u0146u.<\/span><\/p>\n<p><b>SkyLink 2.0 video p\u0101rraide<br \/>\n<\/b><span style=\"font-weight: 400;\">EVO II Dual 640T V3 ir jaunin\u0101ts ar Autel jauno SkyLink 2.0 video p\u0101rraides tehnolo\u0123iju.<\/span><\/p>\n<p><span style=\"font-weight: 400;\">Lidojiet t\u0101l\u0101k ar HD video p\u0101rraidi l\u012bdz 8 km.<br \/>\n<\/span><span style=\"font-weight: 400;\">Ieg\u016bstiet svar\u012bgu inform\u0101ciju, izmantojot QHD video 1 km r\u0101dius\u0101.<br \/>\n<\/span><span style=\"font-weight: 400;\">Atbalstiet tr\u012bsjoslu komunik\u0101ciju 2.4G\/5.8Gation un autom\u0101tisku frekven\u010du l\u0113cienu, lai nodro\u0161in\u0101tu maksim\u0101lu prettrauc\u0113jumu iesp\u0113ju.<\/span><\/p>\n<p><b>360\u00b0 \u0161\u0137\u0113r\u0161\u013cu nov\u0113r\u0161ana<br \/>\n<\/b><span style=\"font-weight: 400;\">Apr\u012bkots ar 19 sensoru grup\u0101m, ieskaitot 12 vizu\u0101los sensorus, galveno kameru, ultraska\u0146u, IMU un citus sensorus, kas \u013cauj izveidot tr\u012bsdimensiju kartes un pl\u0101not ce\u013cu re\u0101llaik\u0101.<\/span><\/p>\n<p><b>Praktiskas un \u0113rtas funkcijas<\/b><\/p>\n<p><b>\u0100tri izvietojiet<br \/>\n<\/b><span style=\"font-weight: 400;\">EVO II Dual 640T V3 bez satraukuma aiz\u0146em 45 sekundes no palai\u0161anas l\u012bdz pacel\u0161an\u0101s br\u012bdim.<\/span><\/p>\n<p><b>Lidojuma zonas nav*<br \/>\n<\/b><span style=\"font-weight: 400;\">EVO II Dual 640T V3 nav nek\u0101du lido\u0161anas zonu un tas netrauc\u0113s pilotam pacelties.<\/span><\/p>\n<p><b>Nav piespiedu atjaunin\u0101jumu**<br \/>\n<\/b><span style=\"font-weight: 400;\">EVO II Dual 640T V3 nav j\u0101b\u016bt jaun\u0101kajai aparat\u016bras vai lietotnes versijai, lai t\u0101 var\u0113tu pacelties at\u0161\u0137ir\u012bb\u0101 no citiem konkurentiem<\/span><\/p>\n<p><b>Ne-ITAR<\/b><span style=\"font-weight: 400;\"><br \/>\n<\/span><span style=\"font-weight: 400;\">Vair\u0101k eksporta br\u012bv\u012bbu, jo uz EVO II Dual 640T V3 neattiecas ASV Starptautisk\u0101s iero\u010du satiksmes noteikumi.<\/span><\/p>\n<p><span style=\"font-weight: 400;\">Maksim\u0101lais lidojuma laiks 38 min\u016btes<br \/>\n<\/span><span style=\"font-weight: 400;\">8 km maksim\u0101lais p\u0101rnesumk\u0101rbas diapazons<br \/>\n<\/span><span style=\"font-weight: 400;\">12m\/s Maksim\u0101l\u0101 v\u0113ja pretest\u012bba<br \/>\n<\/span><span style=\"font-weight: 400;\">20m\/s Maksim\u0101lais lidojuma \u0101trums<br \/>\n<\/span><span style=\"font-weight: 400;\">Maksim\u0101l\u0101 pacel\u0161anas sp\u0113ja 920 g<\/span><\/p>\n<p><b>Autel Smart Controller V3<br \/>\n<\/b><span style=\"font-weight: 400;\">Smart Controller V3 7,9 collu, 2000 nits augsta spilgtuma ekr\u0101ns ir skaidri redzams pat tie\u0161os saules staros. SkyLink 2.0 p\u0101rraides tehnolo\u0123ija garant\u0113 t\u0101lsatiksmes oper\u0101cijas l\u012bdz 15 km att\u0101lum\u0101 un uzlabo prettrauc\u0113jumu sp\u0113jas ar tr\u012bsjoslu frekven\u010du l\u0113cienu. Piel\u0101got\u0101 Android sist\u0113ma nodro\u0161ina papildu elast\u012bbu, izmantojot tre\u0161\u0101s puses lietotnes, un IP43 v\u0113rt\u0113jums nodro\u0161ina veiktsp\u0113ju visos laikapst\u0101k\u013cos.<\/span><\/p>\n<p><span style=\"font-weight: 400;\">7,9 collu HD sk\u0101rienekr\u0101ns<br \/>\n<\/span><span style=\"font-weight: 400;\">Temperat\u016bras diapazons no -20 \u2103 l\u012bdz 40 \u2103<br \/>\n<\/span><span style=\"font-weight: 400;\">2000 nitu maksim\u0101lais spilgtums<br \/>\n<\/span><span style=\"font-weight: 400;\">IP43 Iztur\u012bba<\/span><\/p>\n<p><b>Live Deck 2<br \/>\n<\/b><span style=\"font-weight: 400;\">Tie\u0161raid\u0113 p\u0101rraidiet inform\u0101ciju par misiju citiem darbiniekiem oper\u0101cij\u0101, lai uzlabotu situ\u0101cijas izpratni un kritisku l\u0113mumu pie\u0146em\u0161anu. EVO II Enterprise V3 ir sader\u012bgs ar Live Deck 2, kas pied\u0101v\u0101 vair\u0101ku portu straum\u0113\u0161anu uz monitoriem un Wi-Fi atbalstu vair\u0101kiem viedt\u0101lru\u0146iem.<\/span><\/p>\n<p><span style=\"font-weight: 400;\">1080P\/60FPS video straume<br \/>\n<\/span><span style=\"font-weight: 400;\">12 km transmisijas diapazons<br \/>\n<\/span><span style=\"font-weight: 400;\">Tr\u012bs autom\u0101tisk\u0101s p\u0101rsl\u0113g\u0161anas joslas<br \/>\n<\/span><span style=\"font-weight: 400;\">IP43 Iztur\u012bba<\/span><\/p>\n","protected":false},"excerpt":{"rendered":"<p>640&#215;512 30Hz jauns termisk\u0101s att\u0113lveido\u0161anas sensors Apr\u012bkots ar 640*512 augstas iz\u0161\u0137irtsp\u0113jas termisk\u0101s att\u0113lveido\u0161anas kameru ar 13 mm fokusa att\u0101luma objekt\u012bvu un 16x digit\u0101lo t\u0101lummai\u0146u, ir viegli nov\u0113rot t\u0101lus m\u0113r\u0137us. Sist\u0113ma izmanto jaunu att\u0113lu apstr\u0101des algoritmu, padarot termisk\u0101s att\u0113lveido\u0161anas deta\u013cas skaidr\u0101kas un paman\u0101m\u0101kas nek\u0101 konkurence ar l\u012bdz\u012bgu iz\u0161\u0137irtsp\u0113ju un aparat\u016bru. DRI diapazoni DRI apz\u012bm\u0113 Detection, Recognition [&hellip;]<\/p>\n","protected":false},"featured_media":4368,"template":"","meta":{"_gspb_post_css":""},"product_brand":[],"product_cat":[146,148],"product_tag":[],"class_list":{"0":"post-3904","1":"product","2":"type-product","3":"status-publish","4":"has-post-thumbnail","6":"product_cat-evo-ii-enterprise-series-lv","7":"product_cat-special-purpose-drones-lv","9":"first","10":"outofstock","11":"taxable","12":"shipping-taxable","13":"purchasable","14":"product-type-simple"},"_links":{"self":[{"href":"https:\/\/auteldronesbaltic.com\/lv\/wp-json\/wp\/v2\/product\/3904","targetHints":{"allow":["GET"]}}],"collection":[{"href":"https:\/\/auteldronesbaltic.com\/lv\/wp-json\/wp\/v2\/product"}],"about":[{"href":"https:\/\/auteldronesbaltic.com\/lv\/wp-json\/wp\/v2\/types\/product"}],"wp:featuredmedia":[{"embeddable":true,"href":"https:\/\/auteldronesbaltic.com\/lv\/wp-json\/wp\/v2\/media\/4368"}],"wp:attachment":[{"href":"https:\/\/auteldronesbaltic.com\/lv\/wp-json\/wp\/v2\/media?parent=3904"}],"wp:term":[{"taxonomy":"product_brand","embeddable":true,"href":"https:\/\/auteldronesbaltic.com\/lv\/wp-json\/wp\/v2\/product_brand?post=3904"},{"taxonomy":"product_cat","embeddable":true,"href":"https:\/\/auteldronesbaltic.com\/lv\/wp-json\/wp\/v2\/product_cat?post=3904"},{"taxonomy":"product_tag","embeddable":true,"href":"https:\/\/auteldronesbaltic.com\/lv\/wp-json\/wp\/v2\/product_tag?post=3904"}],"curies":[{"name":"wp","href":"https:\/\/api.w.org\/{rel}","templated":true}]}}