{"id":5484,"date":"2023-11-27T16:38:00","date_gmt":"2023-11-27T14:38:00","guid":{"rendered":"https:\/\/auteldronesbaltic.com\/?post_type=product&#038;p=5484"},"modified":"2023-11-27T16:58:37","modified_gmt":"2023-11-27T14:58:37","slug":"autel-evo-ii-pro-v3-grey","status":"publish","type":"product","link":"https:\/\/auteldronesbaltic.com\/lv\/autel-evo-ii-lv\/autel-evo-ii-pro-v3-grey\/","title":{"rendered":"Autel EVO II Pro V3 \/ Grey"},"content":{"rendered":"<p><b>Izcila att\u0113la kvalit\u0101te<br \/>\n<\/b><span style=\"font-weight: 400;\">Ar Sony jauno 20 megapikse\u013cu 1 collas CMOS att\u0113la sensoru EVO II Pro V3 atbalsta l\u012bdz pat 6K video iz\u0161\u0137irtsp\u0113ju ar liel\u0101ku dinamisko diapazonu, sp\u0113c\u012bg\u0101ku trok\u0161\u0146u sl\u0101p\u0113\u0161anu un liel\u0101ku kadru \u0101trumu. Objekt\u012bva regul\u0113jamais diafragmas atv\u0113ruma diapazons no f2.8 l\u012bdz f11 un maksim\u0101lais ISO 44000 \u013cauj fotogr\u0101fam uzlabot kontroli un rado\u0161o br\u012bv\u012bbu.<\/span><\/p>\n<p><span style=\"font-weight: 400;\">1 collas CMOS<br \/>\n<\/span><span style=\"font-weight: 400;\">20MP fotoatt\u0113ls<br \/>\n<\/span><span style=\"font-weight: 400;\">6K\/30 FPS video<br \/>\n<\/span><span style=\"font-weight: 400;\">F2.8~F11 Apert\u016bra<\/span><\/p>\n<p><b>Moonlight Algorithm 2.0<br \/>\n<\/b><span style=\"font-weight: 400;\">G\u016bstiet pan\u0101kumus nakts fotograf\u0113\u0161an\u0101, izmantojot EVO II Pro V3 6K 1&#8243; CMOS un Autel Robotics Moonlight Algorithm 2.0.<\/span><\/p>\n<p><b>4K HDR video<br \/>\n<\/b><span style=\"font-weight: 400;\">Lai ieg\u016btu izcilu att\u0113la kvalit\u0101ti, EVO II Pro V3 apvieno 4K skaidr\u012bbas spo\u017eumu ar HDR spilgtumu, kr\u0101s\u0101m un deta\u013c\u0101m. Iepriek\u0161 sl\u0113pt\u0101s tum\u0161\u0101s \u0113nas un saules gaismas zonas tagad ir skaidr\u012bbas un deta\u013cu pilnas.<\/span><\/p>\n<p><b>P\u0113cra\u017eo\u0161anas elast\u012bba ar 12 bitu DNG<br \/>\n<\/b><span style=\"font-weight: 400;\">EVO II Pro V3 var uz\u0146emt 12 bitu DNG fotoatt\u0113lus un sp\u0113j ierakst\u012bt l\u012bdz 68,6 miljardiem kr\u0101su ar 64 reizes liel\u0101ku kr\u0101su atveides jaudu nek\u0101 10 bitu, t\u0101d\u0113j\u0101di nodro\u0161inot liel\u0101ku p\u0113capstr\u0101des elast\u012bbu.<\/span><\/p>\n<p><b>Hiper-Lapse fotogr\u0101fija 6K<br \/>\n<\/b><span style=\"font-weight: 400;\">Varat baud\u012bt savus iecien\u012bt\u0101kos mirk\u013cus jebkur\u0101 laik\u0101 bez p\u0113capstr\u0101des, jo 6K mobil\u0101 laika interv\u0101la video var eksport\u0113t uzreiz p\u0113c ierakst\u012b\u0161anas, un tiek atbalst\u012bts ar\u012b JPEG\/RAW form\u0101ts.<\/span><\/p>\n<p><b>Autel SkyLink 2.0<br \/>\n<\/b><\/p>\n<p><span style=\"font-weight: 400;\">EVO II Pro V3 ir jaunin\u0101ts ar Autel jauno SkyLink 2.0 video p\u0101rraides tehnolo\u0123iju.<\/span><\/p>\n<p><b>8 km<br \/>\n<\/b><span style=\"font-weight: 400;\">Lidojiet t\u0101l\u0101k ar HD video p\u0101rraidi l\u012bdz 8 km.<\/span><\/p>\n<p><b>QHD<br \/>\n<\/b><span style=\"font-weight: 400;\">Ieg\u016bstiet svar\u012bgu inform\u0101ciju, izmantojot QHD video 1 km r\u0101dius\u0101.<\/span><\/p>\n<p><b>2,4 G\/5,8 G<br \/>\n<\/b><span style=\"font-weight: 400;\">Atbalstiet tr\u012bs joslu sazi\u0146u un autom\u0101tisku frekven\u010du l\u0113cienu, lai nodro\u0161in\u0101tu maksim\u0101lu prettrauc\u0113jumu iesp\u0113ju.<\/span><\/p>\n<p><b>360\u00b0 \u0161\u0137\u0113r\u0161\u013cu nov\u0113r\u0161ana<br \/>\n<\/b><span style=\"font-weight: 400;\">Apr\u012bkots ar 19 sensoru grup\u0101m, ieskaitot 12 vizu\u0101los sensorus, galveno kameru, ultraska\u0146u, IMU un citus sensorus, kas \u013cauj izveidot tr\u012bsdimensiju kartes un pl\u0101not ce\u013cu re\u0101llaik\u0101.<\/span><\/p>\n<p><span style=\"font-weight: 400;\">*L\u016bdzu, skatiet rokasgr\u0101matu, lai ieg\u016btu s\u012bk\u0101ku inform\u0101ciju par izvair\u012b\u0161anos no \u0161\u0137\u0113r\u0161\u013ciem un to ierobe\u017eojumiem, kas var darboties vai nedarboties ierobe\u017eot\u0101 apgaismojum\u0101, tie\u0161os sp\u0113c\u012bgos saules staros vai p\u0101ri pl\u0101niem koku zariem vai vadiem.<\/span><\/p>\n<p><b>Maksim\u0101l\u0101 veiktsp\u0113ja Bezgal\u012bgas iesp\u0113jas<\/b><\/p>\n<p><span style=\"font-weight: 400;\">Maksim\u0101lais lidojuma laiks 40 min\u016btes<br \/>\n<\/span><span style=\"font-weight: 400;\">8 km maksim\u0101lais p\u0101rnesumk\u0101rbas diapazons<br \/>\n<\/span><span style=\"font-weight: 400;\">27 j\u016bdzes stund\u0101 (12 m\/s) maksim\u0101l\u0101 v\u0113ja pretest\u012bba<br \/>\n<\/span><span style=\"font-weight: 400;\">45 j\u016bdzes stund\u0101 (20 m\/s) maksim\u0101lais lidojuma \u0101trums<\/span><\/p>\n<p><b>Autel Smart Controller SE<br \/>\n<\/b><span style=\"font-weight: 400;\">Smart Controller SE ir apr\u012bkots ar 6,4 collu OLED sk\u0101rienekr\u0101nu un jaun\u0101ko paaudzes 8 kodolu procesoru HD att\u0113la p\u0101rraidei. SkyLink 2.0 p\u0101rraides tehnolo\u0123ija garant\u0113 t\u0101lsatiksmes oper\u0101cijas l\u012bdz 15 km att\u0101lum\u0101 un uzlabo prettrauc\u0113jumu sp\u0113jas ar tr\u012bsjoslu frekven\u010du l\u0113cienu. Piel\u0101got\u0101 Android sist\u0113ma nodro\u0161ina papildu elast\u012bbu, izmantojot tre\u0161\u0101s puses lietotnes, un IP43 v\u0113rt\u0113jums nodro\u0161ina veiktsp\u0113ju visos laikapst\u0101k\u013cos.<\/span><\/p>\n<p>6,4 collu ekr\u0101ns<b><br \/>\n<\/b><span style=\"font-weight: 400;\">15 km p\u0101rnesumk\u0101rbas darb\u012bbas r\u0101diuss<br \/>\n<\/span><span style=\"font-weight: 400;\">No\u0146emams akumulators<br \/>\n<\/span><span style=\"font-weight: 400;\">Tre\u0161\u0101s puses lietotnes<br \/>\n<\/span><span style=\"font-weight: 400;\">Darba temperat\u016bra no -10 \u2103 l\u012bdz 40 \u2103<\/span><\/p>\n<p><b>Live Deck 2: straum\u0113jiet jebkur<br \/>\n<\/b><span style=\"font-weight: 400;\">EVO II Pro V3 atbalsta vair\u0101ku portu HDMI re\u0101llaika izvadi, lai atbilstu projekcijas uzraudz\u012bbas un tie\u0161raides straum\u0113\u0161anas pras\u012bb\u0101m ar Live Deck 2.<\/span><\/p>\n<p><span style=\"font-weight: 400;\">1080P\/60FPS video straume<br \/>\n<\/span><span style=\"font-weight: 400;\">Tr\u012bs autom\u0101tisk\u0101s p\u0101rsl\u0113g\u0161anas joslas<br \/>\n<\/span><span style=\"font-weight: 400;\">Transmisijas diapazons<br \/>\n<\/span><span style=\"font-weight: 400;\">5 stundu akumulatora darb\u012bbas laiks<br \/>\n<\/span><span style=\"font-weight: 400;\">IP43 Iztur\u012bba<\/span><\/p>\n","protected":false},"excerpt":{"rendered":"<p>Izcila att\u0113la kvalit\u0101te Ar Sony jauno 20 megapikse\u013cu 1 collas CMOS att\u0113la sensoru EVO II Pro V3 atbalsta l\u012bdz pat 6K video iz\u0161\u0137irtsp\u0113ju ar liel\u0101ku dinamisko diapazonu, sp\u0113c\u012bg\u0101ku trok\u0161\u0146u sl\u0101p\u0113\u0161anu un liel\u0101ku kadru \u0101trumu. Objekt\u012bva regul\u0113jamais diafragmas atv\u0113ruma diapazons no f2.8 l\u012bdz f11 un maksim\u0101lais ISO 44000 \u013cauj fotogr\u0101fam uzlabot kontroli un rado\u0161o br\u012bv\u012bbu. 1 [&hellip;]<\/p>\n","protected":false},"featured_media":5568,"template":"","meta":{"_gspb_post_css":""},"product_brand":[],"product_cat":[95,133,125],"product_tag":[],"class_list":{"0":"post-5484","1":"product","2":"type-product","3":"status-publish","4":"has-post-thumbnail","6":"product_cat-autel-evo-ii-lv","7":"product_cat-autel-evo-ii-pro-un-aksesuari","8":"product_cat-droni","10":"first","11":"instock","12":"taxable","13":"shipping-taxable","14":"purchasable","15":"product-type-simple"},"_links":{"self":[{"href":"https:\/\/auteldronesbaltic.com\/lv\/wp-json\/wp\/v2\/product\/5484","targetHints":{"allow":["GET"]}}],"collection":[{"href":"https:\/\/auteldronesbaltic.com\/lv\/wp-json\/wp\/v2\/product"}],"about":[{"href":"https:\/\/auteldronesbaltic.com\/lv\/wp-json\/wp\/v2\/types\/product"}],"wp:featuredmedia":[{"embeddable":true,"href":"https:\/\/auteldronesbaltic.com\/lv\/wp-json\/wp\/v2\/media\/5568"}],"wp:attachment":[{"href":"https:\/\/auteldronesbaltic.com\/lv\/wp-json\/wp\/v2\/media?parent=5484"}],"wp:term":[{"taxonomy":"product_brand","embeddable":true,"href":"https:\/\/auteldronesbaltic.com\/lv\/wp-json\/wp\/v2\/product_brand?post=5484"},{"taxonomy":"product_cat","embeddable":true,"href":"https:\/\/auteldronesbaltic.com\/lv\/wp-json\/wp\/v2\/product_cat?post=5484"},{"taxonomy":"product_tag","embeddable":true,"href":"https:\/\/auteldronesbaltic.com\/lv\/wp-json\/wp\/v2\/product_tag?post=5484"}],"curies":[{"name":"wp","href":"https:\/\/api.w.org\/{rel}","templated":true}]}}